{"id":10147,"date":"2023-05-11T10:26:49","date_gmt":"2023-05-11T07:26:49","guid":{"rendered":"https:\/\/www.capitalgameart.fi\/?page_id=10147"},"modified":"2023-11-28T14:53:05","modified_gmt":"2023-11-28T12:53:05","slug":"cogan-tuottamat-teokset","status":"publish","type":"page","link":"https:\/\/www.capitalgameart.fi\/en\/cogan-tuottamat-teokset\/","title":{"rendered":"CoGA:n tuottamat teokset"},"content":{"rendered":"<div data-elementor-type=\"wp-page\" data-elementor-id=\"10147\" class=\"elementor elementor-10147\" data-elementor-post-type=\"page\">\n\t\t\t\t\t\t<section class=\"elementor-section elementor-top-section elementor-element elementor-element-640d4428 elementor-section-boxed elementor-section-height-default elementor-section-height-default\" data-id=\"640d4428\" data-element_type=\"section\" data-e-type=\"section\">\n\t\t\t\t\t\t<div class=\"elementor-container elementor-column-gap-default\">\n\t\t\t\t\t<div class=\"elementor-column elementor-col-100 elementor-top-column elementor-element elementor-element-271fdb86\" data-id=\"271fdb86\" data-element_type=\"column\" data-e-type=\"column\">\n\t\t\t<div class=\"elementor-widget-wrap elementor-element-populated\">\n\t\t\t\t\t\t<div class=\"elementor-element elementor-element-d7b9e7b elementor-widget elementor-widget-heading\" data-id=\"d7b9e7b\" data-element_type=\"widget\" data-e-type=\"widget\" data-widget_type=\"heading.default\">\n\t\t\t\t\t<h2 class=\"elementor-heading-title elementor-size-default\">CoGA:n tuottamat teokset<\/h2>\t\t\t\t<\/div>\n\t\t\t\t\t<\/div>\n\t\t<\/div>\n\t\t\t\t\t<\/div>\n\t\t<\/section>\n\t\t\t\t<section class=\"elementor-section elementor-top-section elementor-element elementor-element-f064fd3 elementor-section-boxed elementor-section-height-default elementor-section-height-default\" data-id=\"f064fd3\" data-element_type=\"section\" data-e-type=\"section\">\n\t\t\t\t\t\t<div class=\"elementor-container elementor-column-gap-default\">\n\t\t\t\t\t<div class=\"elementor-column elementor-col-100 elementor-top-column elementor-element elementor-element-816b309\" data-id=\"816b309\" data-element_type=\"column\" data-e-type=\"column\">\n\t\t\t<div class=\"elementor-widget-wrap elementor-element-populated\">\n\t\t\t\t\t\t<div class=\"elementor-element elementor-element-dbffbde elementor-widget elementor-widget-heading\" data-id=\"dbffbde\" data-element_type=\"widget\" data-e-type=\"widget\" data-widget_type=\"heading.default\">\n\t\t\t\t\t<h2 class=\"elementor-heading-title elementor-size-default\">Trickle Down -lautapeli<\/h2>\t\t\t\t<\/div>\n\t\t\t\t\t<\/div>\n\t\t<\/div>\n\t\t\t\t\t<\/div>\n\t\t<\/section>\n\t\t\t\t<section class=\"elementor-section elementor-top-section elementor-element elementor-element-7a622506 elementor-reverse-mobile elementor-section-boxed elementor-section-height-default elementor-section-height-default\" data-id=\"7a622506\" data-element_type=\"section\" data-e-type=\"section\">\n\t\t\t\t\t\t<div class=\"elementor-container elementor-column-gap-default\">\n\t\t\t\t\t<div class=\"elementor-column elementor-col-50 elementor-top-column elementor-element elementor-element-70d92a0c\" data-id=\"70d92a0c\" data-element_type=\"column\" data-e-type=\"column\">\n\t\t\t<div class=\"elementor-widget-wrap elementor-element-populated\">\n\t\t\t\t\t\t<div class=\"elementor-element elementor-element-40183c3b elementor-widget elementor-widget-heading\" data-id=\"40183c3b\" data-element_type=\"widget\" data-e-type=\"widget\" data-widget_type=\"heading.default\">\n\t\t\t\t\t<h2 class=\"elementor-heading-title elementor-size-default\">Trickle down<\/h2>\t\t\t\t<\/div>\n\t\t\t\t<div class=\"elementor-element elementor-element-95d4ef8 elementor-widget elementor-widget-text-editor\" data-id=\"95d4ef8\" data-element_type=\"widget\" data-e-type=\"widget\" data-widget_type=\"text-editor.default\">\n\t\t\t\t\t\t\t\t\t<p>J\u00e4ttim\u00e4inen Trickle Down -lautapeli sopii hyvin pelattavaksi julkisissa tiloissa<\/p>\t\t\t\t\t\t\t\t<\/div>\n\t\t\t\t<div class=\"elementor-element elementor-element-1bb5722d elementor-widget elementor-widget-text-editor\" data-id=\"1bb5722d\" data-element_type=\"widget\" data-e-type=\"widget\" data-widget_type=\"text-editor.default\">\n\t\t\t\t\t\t\t\t\t<p><strong>Trickle Down on<\/strong> <strong>hauska, nopea ja strateginen lautapeli<\/strong>, jossa taistellaan siit\u00e4, kuka ker\u00e4\u00e4 eniten rahaa omille j\u00e4ttikorporaatioilleen. Peli toimii parhaiten kolmella pelaajalla, mutta isomman peliporukan ilmestyess\u00e4 paikalle, saadaan peli venym\u00e4\u00e4n my\u00f6s sopivaksi kuudelle pelaajalle.<\/p><p>Peliss\u00e4 pelinappuloina toimivat kaikkien pelaajien siirrett\u00e4viss\u00e4 olevat rahas\u00e4kit, joita jokainen pelaaja yritt\u00e4\u00e4 vuorollaan hivuttaa l\u00e4hemm\u00e4s omaa aluettaan. Strategisia haasteita peliin asettavat s\u00e4kkien siirt\u00e4mist\u00e4 koskevat s\u00e4\u00e4nn\u00f6t, pelaajien mahdollinen liittoutuminen sek\u00e4 pelilaudan kulmissa sijaitsevat neutraalit ruudut.<\/p><p><strong>Trickle Down -pelin on suunnitellut <\/strong>pelitaiteen l\u00e4\u00e4nintaiteilija Jaakko Kemppainen, joka on mukana tekem\u00e4ss\u00e4 Kouvolasta Pelitaiteen p\u00e4\u00e4kaupunkia vuosina 2022-2023. Lautapelin kuvituksen on tehnyt graafikko Satu Ahopelto.<\/p><p>T\u00e4\u00e4lt\u00e4 l\u00f6ytyy <a href=\"https:\/\/www.capitalgameart.fi\/wp-content\/uploads\/2023\/05\/TrickleDown_valmis_saannot.pdf\"><span style=\"text-decoration: underline;\"><em>Trickle Down -sa\u0308a\u0308nno\u0308t suomeksi.<\/em><\/span><\/a><\/p><p>Here you can find <a href=\"https:\/\/www.capitalgameart.fi\/wp-content\/uploads\/2023\/05\/TrickleDown_saannotENG.pdf\"><span style=\"text-decoration: underline;\"><em>Trickle Down rules in English.<\/em><\/span><\/a><\/p><p>\u00a0<\/p><p>\u00a0<\/p>\t\t\t\t\t\t\t\t<\/div>\n\t\t\t\t\t<\/div>\n\t\t<\/div>\n\t\t\t\t<div class=\"elementor-column elementor-col-50 elementor-top-column elementor-element elementor-element-725d8f92\" data-id=\"725d8f92\" data-element_type=\"column\" data-e-type=\"column\">\n\t\t\t<div class=\"elementor-widget-wrap elementor-element-populated\">\n\t\t\t\t\t\t<div class=\"elementor-element elementor-element-6e3e61d elementor-widget elementor-widget-image\" data-id=\"6e3e61d\" data-element_type=\"widget\" data-e-type=\"widget\" data-widget_type=\"image.default\">\n\t\t\t\t\t\t\t\t\t\t\t\t\t\t\t<img fetchpriority=\"high\" decoding=\"async\" width=\"1653\" height=\"2560\" src=\"https:\/\/www.capitalgameart.fi\/wp-content\/uploads\/2023\/05\/TrickleDown_pelaajat6_kuvaaja_SatuAhopelto-1-scaled.jpg\" class=\"attachment-full size-full wp-image-10159\" alt=\"\" srcset=\"https:\/\/www.capitalgameart.fi\/wp-content\/uploads\/2023\/05\/TrickleDown_pelaajat6_kuvaaja_SatuAhopelto-1-scaled.jpg 1653w, https:\/\/www.capitalgameart.fi\/wp-content\/uploads\/2023\/05\/TrickleDown_pelaajat6_kuvaaja_SatuAhopelto-1-194x300.jpg 194w, https:\/\/www.capitalgameart.fi\/wp-content\/uploads\/2023\/05\/TrickleDown_pelaajat6_kuvaaja_SatuAhopelto-1-661x1024.jpg 661w, https:\/\/www.capitalgameart.fi\/wp-content\/uploads\/2023\/05\/TrickleDown_pelaajat6_kuvaaja_SatuAhopelto-1-768x1190.jpg 768w, https:\/\/www.capitalgameart.fi\/wp-content\/uploads\/2023\/05\/TrickleDown_pelaajat6_kuvaaja_SatuAhopelto-1-992x1536.jpg 992w, https:\/\/www.capitalgameart.fi\/wp-content\/uploads\/2023\/05\/TrickleDown_pelaajat6_kuvaaja_SatuAhopelto-1-1322x2048.jpg 1322w, https:\/\/www.capitalgameart.fi\/wp-content\/uploads\/2023\/05\/TrickleDown_pelaajat6_kuvaaja_SatuAhopelto-1-8x12.jpg 8w\" sizes=\"(max-width: 1653px) 100vw, 1653px\" \/>\t\t\t\t\t\t\t\t\t\t\t\t\t\t\t<\/div>\n\t\t\t\t<div class=\"elementor-element elementor-element-29a5595f elementor-widget elementor-widget-image\" data-id=\"29a5595f\" data-element_type=\"widget\" data-e-type=\"widget\" data-widget_type=\"image.default\">\n\t\t\t\t\t\t\t\t\t\t\t\t\t\t\t<img decoding=\"async\" width=\"2560\" height=\"1529\" src=\"https:\/\/www.capitalgameart.fi\/wp-content\/uploads\/2023\/05\/TrickleDown_pelaajat3_-scaled.jpg\" class=\"attachment-full size-full wp-image-10157\" alt=\"\" srcset=\"https:\/\/www.capitalgameart.fi\/wp-content\/uploads\/2023\/05\/TrickleDown_pelaajat3_-scaled.jpg 2560w, https:\/\/www.capitalgameart.fi\/wp-content\/uploads\/2023\/05\/TrickleDown_pelaajat3_-300x179.jpg 300w, https:\/\/www.capitalgameart.fi\/wp-content\/uploads\/2023\/05\/TrickleDown_pelaajat3_-1024x612.jpg 1024w, https:\/\/www.capitalgameart.fi\/wp-content\/uploads\/2023\/05\/TrickleDown_pelaajat3_-768x459.jpg 768w, https:\/\/www.capitalgameart.fi\/wp-content\/uploads\/2023\/05\/TrickleDown_pelaajat3_-1536x918.jpg 1536w, https:\/\/www.capitalgameart.fi\/wp-content\/uploads\/2023\/05\/TrickleDown_pelaajat3_-2048x1223.jpg 2048w, https:\/\/www.capitalgameart.fi\/wp-content\/uploads\/2023\/05\/TrickleDown_pelaajat3_-18x12.jpg 18w\" sizes=\"(max-width: 2560px) 100vw, 2560px\" \/>\t\t\t\t\t\t\t\t\t\t\t\t\t\t\t<\/div>\n\t\t\t\t\t<\/div>\n\t\t<\/div>\n\t\t\t\t\t<\/div>\n\t\t<\/section>\n\t\t\t\t<section class=\"elementor-section elementor-top-section elementor-element elementor-element-3657a09 elementor-reverse-mobile elementor-section-boxed elementor-section-height-default elementor-section-height-default\" data-id=\"3657a09\" data-element_type=\"section\" data-e-type=\"section\">\n\t\t\t\t\t\t<div class=\"elementor-container elementor-column-gap-default\">\n\t\t\t\t\t<div class=\"elementor-column elementor-col-50 elementor-top-column elementor-element elementor-element-0482467\" data-id=\"0482467\" data-element_type=\"column\" data-e-type=\"column\">\n\t\t\t<div class=\"elementor-widget-wrap elementor-element-populated\">\n\t\t\t\t\t\t<div class=\"elementor-element elementor-element-7e5c80e elementor-widget elementor-widget-heading\" data-id=\"7e5c80e\" data-element_type=\"widget\" data-e-type=\"widget\" data-widget_type=\"heading.default\">\n\t\t\t\t\t<h2 class=\"elementor-heading-title elementor-size-default\">KOUVOLAN KIERROS<\/h2>\t\t\t\t<\/div>\n\t\t\t\t<div class=\"elementor-element elementor-element-3d9a331 elementor-widget elementor-widget-text-editor\" data-id=\"3d9a331\" data-element_type=\"widget\" data-e-type=\"widget\" data-widget_type=\"text-editor.default\">\n\t\t\t\t\t\t\t\t\t<p>Kouvolan kierros henkii 1900-luvun alun kaupunkipelien tunnelmaa, esitellen kohteita eri puolilta Kouvolaa.<\/p>\t\t\t\t\t\t\t\t<\/div>\n\t\t\t\t<div class=\"elementor-element elementor-element-b2e2643 elementor-widget elementor-widget-text-editor\" data-id=\"b2e2643\" data-element_type=\"widget\" data-e-type=\"widget\" data-widget_type=\"text-editor.default\">\n\t\t\t\t\t\t\t\t\t<p><strong>Kouvolan kierros<\/strong> on sukua vanhimmille suomalaisille lautapeleille, kuten Huvimatka Aavasaksaan, Sampo ja Helsingin peli. 1800-1900-lukujen taitteessa pelisuunnittelu oli viel\u00e4 yksinkertaista ja peleiss\u00e4 menestyminen perustui pelk\u00e4st\u00e4\u00e4n noppatuuriin. Aikana, jolloin matkustaminen oli hidasta, kallista ja vaikeaa, tarjosivat kauniisti kuvitetut pelit mahdollisuuden tutustua Suomen maisemiin ja kulttuuriin. Lis\u00e4ksi ainakin Helsingin peli\u00e4 myytiin kirjekuoreen pakattuna, jolloin se oli mahdollista ostaa matkamuistoksi tai jopa l\u00e4hett\u00e4\u00e4 suoraan postilla.<\/p><p>Kouvolan kierros on tehty A1-kokoon ja se on suunniteltu taiteltavaksi A4-kokoiseen kirjekuoreen. Peli sis\u00e4lt\u00e4\u00e4 41 kaunista ja yksityiskohtaista kuvitusta eri puolilta Kouvolaa. Kuvitukset on tehnyt Kaakkois-Suomen ammattikorkeakoulussa graafista muotoilua opiskeleva <strong>Nina Nevalainen.<\/strong><\/p><p>Pelin s\u00e4\u00e4nn\u00f6t ja kohteiden kuvaukset on kirjoittanut Pelitaiteen l\u00e4\u00e4nintaiteilija <strong>Jaakko Kemppainen.<\/strong> Pelilaudan taiton on tehnyt graafinen suunnittelija Satu Ahopelto.<\/p><p>\u00a0<\/p>\t\t\t\t\t\t\t\t<\/div>\n\t\t\t\t\t<\/div>\n\t\t<\/div>\n\t\t\t\t<div class=\"elementor-column elementor-col-50 elementor-top-column elementor-element elementor-element-da853bc\" data-id=\"da853bc\" data-element_type=\"column\" data-e-type=\"column\">\n\t\t\t<div class=\"elementor-widget-wrap elementor-element-populated\">\n\t\t\t\t\t\t<div class=\"elementor-element elementor-element-3ab06e3 elementor-widget elementor-widget-image\" data-id=\"3ab06e3\" data-element_type=\"widget\" data-e-type=\"widget\" data-widget_type=\"image.default\">\n\t\t\t\t\t\t\t\t\t\t\t\t\t\t\t<img decoding=\"async\" width=\"2560\" height=\"1707\" src=\"https:\/\/www.capitalgameart.fi\/wp-content\/uploads\/2022\/06\/pelien_vapaakaupunki_2023_3-scaled.jpg\" class=\"attachment-full size-full wp-image-11132\" alt=\"\" srcset=\"https:\/\/www.capitalgameart.fi\/wp-content\/uploads\/2022\/06\/pelien_vapaakaupunki_2023_3-scaled.jpg 2560w, https:\/\/www.capitalgameart.fi\/wp-content\/uploads\/2022\/06\/pelien_vapaakaupunki_2023_3-300x200.jpg 300w, https:\/\/www.capitalgameart.fi\/wp-content\/uploads\/2022\/06\/pelien_vapaakaupunki_2023_3-1024x683.jpg 1024w, https:\/\/www.capitalgameart.fi\/wp-content\/uploads\/2022\/06\/pelien_vapaakaupunki_2023_3-768x512.jpg 768w, https:\/\/www.capitalgameart.fi\/wp-content\/uploads\/2022\/06\/pelien_vapaakaupunki_2023_3-1536x1024.jpg 1536w, https:\/\/www.capitalgameart.fi\/wp-content\/uploads\/2022\/06\/pelien_vapaakaupunki_2023_3-2048x1365.jpg 2048w, https:\/\/www.capitalgameart.fi\/wp-content\/uploads\/2022\/06\/pelien_vapaakaupunki_2023_3-18x12.jpg 18w\" sizes=\"(max-width: 2560px) 100vw, 2560px\" \/>\t\t\t\t\t\t\t\t\t\t\t\t\t\t\t<\/div>\n\t\t\t\t<div class=\"elementor-element elementor-element-96eb5d8 elementor-widget elementor-widget-image\" data-id=\"96eb5d8\" data-element_type=\"widget\" data-e-type=\"widget\" data-widget_type=\"image.default\">\n\t\t\t\t\t\t\t\t\t\t\t\t\t\t\t<img loading=\"lazy\" decoding=\"async\" width=\"1984\" height=\"1322\" src=\"https:\/\/www.capitalgameart.fi\/wp-content\/uploads\/2023\/11\/pelien_vapaakaupunki_2023_45.jpg\" class=\"attachment-full size-full wp-image-11153\" alt=\"\" srcset=\"https:\/\/www.capitalgameart.fi\/wp-content\/uploads\/2023\/11\/pelien_vapaakaupunki_2023_45.jpg 1984w, https:\/\/www.capitalgameart.fi\/wp-content\/uploads\/2023\/11\/pelien_vapaakaupunki_2023_45-300x200.jpg 300w, https:\/\/www.capitalgameart.fi\/wp-content\/uploads\/2023\/11\/pelien_vapaakaupunki_2023_45-1024x682.jpg 1024w, https:\/\/www.capitalgameart.fi\/wp-content\/uploads\/2023\/11\/pelien_vapaakaupunki_2023_45-768x512.jpg 768w, https:\/\/www.capitalgameart.fi\/wp-content\/uploads\/2023\/11\/pelien_vapaakaupunki_2023_45-1536x1023.jpg 1536w, https:\/\/www.capitalgameart.fi\/wp-content\/uploads\/2023\/11\/pelien_vapaakaupunki_2023_45-18x12.jpg 18w\" sizes=\"(max-width: 1984px) 100vw, 1984px\" \/>\t\t\t\t\t\t\t\t\t\t\t\t\t\t\t<\/div>\n\t\t\t\t\t<\/div>\n\t\t<\/div>\n\t\t\t\t\t<\/div>\n\t\t<\/section>\n\t\t\t\t<section class=\"elementor-section elementor-top-section elementor-element elementor-element-91e6bdb elementor-section-boxed elementor-section-height-default elementor-section-height-default\" data-id=\"91e6bdb\" data-element_type=\"section\" data-e-type=\"section\">\n\t\t\t\t\t\t<div class=\"elementor-container elementor-column-gap-default\">\n\t\t\t\t\t<div class=\"elementor-column elementor-col-100 elementor-top-column elementor-element elementor-element-7f65ea8\" data-id=\"7f65ea8\" data-element_type=\"column\" data-e-type=\"column\">\n\t\t\t<div class=\"elementor-widget-wrap elementor-element-populated\">\n\t\t\t\t\t\t<div class=\"elementor-element elementor-element-87fead2 elementor-widget elementor-widget-spacer\" data-id=\"87fead2\" data-element_type=\"widget\" data-e-type=\"widget\" data-widget_type=\"spacer.default\">\n\t\t\t\t\t\t\t<div class=\"elementor-spacer\">\n\t\t\t<div class=\"elementor-spacer-inner\"><\/div>\n\t\t<\/div>\n\t\t\t\t\t\t<\/div>\n\t\t\t\t\t<\/div>\n\t\t<\/div>\n\t\t\t\t\t<\/div>\n\t\t<\/section>\n\t\t\t\t<\/div>","protected":false},"excerpt":{"rendered":"<p>CoGA:n tuottamat teokset Trickle Down -lautapeli Trickle down J\u00e4ttim\u00e4inen Trickle Down -lautapeli sopii hyvin pelattavaksi julkisissa tiloissa Trickle Down on hauska, nopea ja strateginen lautapeli, jossa taistellaan siit\u00e4, kuka ker\u00e4\u00e4 eniten rahaa omille j\u00e4ttikorporaatioilleen. Peli toimii parhaiten kolmella pelaajalla, mutta isomman peliporukan ilmestyess\u00e4 paikalle, saadaan peli venym\u00e4\u00e4n my\u00f6s sopivaksi kuudelle pelaajalle. Peliss\u00e4 pelinappuloina toimivat kaikkien [&hellip;]<\/p>\n","protected":false},"author":2,"featured_media":0,"parent":0,"menu_order":0,"comment_status":"closed","ping_status":"closed","template":"elementor_header_footer","meta":{"footnotes":""},"class_list":["post-10147","page","type-page","status-publish","hentry","entry"],"yoast_head":"<!-- This site is optimized with the Yoast SEO plugin v27.5 - https:\/\/yoast.com\/product\/yoast-seo-wordpress\/ -->\n<title>CoGA:n tuottamat teokset | Capital of Game Art<\/title>\n<meta name=\"description\" content=\"T\u00e4ll\u00e4 sivulla esitell\u00e4\u00e4n Capital of Game Artin tuottamia peliteoksia.\" \/>\n<meta name=\"robots\" content=\"index, follow, max-snippet:-1, max-image-preview:large, max-video-preview:-1\" \/>\n<link rel=\"canonical\" href=\"https:\/\/www.capitalgameart.fi\/en\/cogan-tuottamat-teokset\/\" \/>\n<meta property=\"og:locale\" content=\"en_GB\" \/>\n<meta property=\"og:type\" content=\"article\" \/>\n<meta property=\"og:title\" content=\"CoGA:n tuottamat teokset | Capital of Game Art\" \/>\n<meta property=\"og:description\" content=\"T\u00e4ll\u00e4 sivulla esitell\u00e4\u00e4n Capital of Game Artin tuottamia peliteoksia.\" \/>\n<meta property=\"og:url\" content=\"https:\/\/www.capitalgameart.fi\/en\/cogan-tuottamat-teokset\/\" \/>\n<meta property=\"og:site_name\" content=\"Capital of Game Art\" \/>\n<meta property=\"article:publisher\" content=\"https:\/\/www.facebook.com\/capitalofgameart\" \/>\n<meta property=\"article:modified_time\" content=\"2023-11-28T12:53:05+00:00\" \/>\n<meta property=\"og:image\" content=\"https:\/\/www.capitalgameart.fi\/wp-content\/uploads\/2023\/05\/TrickleDown_pelaajat6_kuvaaja_SatuAhopelto-1-scaled.jpg\" \/>\n<meta name=\"twitter:card\" content=\"summary_large_image\" \/>\n<meta name=\"twitter:label1\" content=\"Estimated reading time\" \/>\n\t<meta name=\"twitter:data1\" content=\"1 minute\" \/>\n<script type=\"application\/ld+json\" class=\"yoast-schema-graph\">{\"@context\":\"https:\\\/\\\/schema.org\",\"@graph\":[{\"@type\":\"WebPage\",\"@id\":\"https:\\\/\\\/www.capitalgameart.fi\\\/cogan-tuottamat-teokset\\\/\",\"url\":\"https:\\\/\\\/www.capitalgameart.fi\\\/cogan-tuottamat-teokset\\\/\",\"name\":\"CoGA:n tuottamat teokset | Capital of Game Art\",\"isPartOf\":{\"@id\":\"https:\\\/\\\/www.capitalgameart.fi\\\/en\\\/#website\"},\"primaryImageOfPage\":{\"@id\":\"https:\\\/\\\/www.capitalgameart.fi\\\/cogan-tuottamat-teokset\\\/#primaryimage\"},\"image\":{\"@id\":\"https:\\\/\\\/www.capitalgameart.fi\\\/cogan-tuottamat-teokset\\\/#primaryimage\"},\"thumbnailUrl\":\"https:\\\/\\\/www.capitalgameart.fi\\\/wp-content\\\/uploads\\\/2023\\\/05\\\/TrickleDown_pelaajat6_kuvaaja_SatuAhopelto-1-scaled.jpg\",\"datePublished\":\"2023-05-11T07:26:49+00:00\",\"dateModified\":\"2023-11-28T12:53:05+00:00\",\"description\":\"T\u00e4ll\u00e4 sivulla esitell\u00e4\u00e4n Capital of Game Artin tuottamia peliteoksia.\",\"breadcrumb\":{\"@id\":\"https:\\\/\\\/www.capitalgameart.fi\\\/cogan-tuottamat-teokset\\\/#breadcrumb\"},\"inLanguage\":\"en-GB\",\"potentialAction\":[{\"@type\":\"ReadAction\",\"target\":[\"https:\\\/\\\/www.capitalgameart.fi\\\/cogan-tuottamat-teokset\\\/\"]}]},{\"@type\":\"ImageObject\",\"inLanguage\":\"en-GB\",\"@id\":\"https:\\\/\\\/www.capitalgameart.fi\\\/cogan-tuottamat-teokset\\\/#primaryimage\",\"url\":\"https:\\\/\\\/www.capitalgameart.fi\\\/wp-content\\\/uploads\\\/2023\\\/05\\\/TrickleDown_pelaajat6_kuvaaja_SatuAhopelto-1-scaled.jpg\",\"contentUrl\":\"https:\\\/\\\/www.capitalgameart.fi\\\/wp-content\\\/uploads\\\/2023\\\/05\\\/TrickleDown_pelaajat6_kuvaaja_SatuAhopelto-1-scaled.jpg\"},{\"@type\":\"BreadcrumbList\",\"@id\":\"https:\\\/\\\/www.capitalgameart.fi\\\/cogan-tuottamat-teokset\\\/#breadcrumb\",\"itemListElement\":[{\"@type\":\"ListItem\",\"position\":1,\"name\":\"Etusivu\",\"item\":\"https:\\\/\\\/www.capitalgameart.fi\\\/\"},{\"@type\":\"ListItem\",\"position\":2,\"name\":\"CoGA:n tuottamat teokset\"}]},{\"@type\":\"WebSite\",\"@id\":\"https:\\\/\\\/www.capitalgameart.fi\\\/en\\\/#website\",\"url\":\"https:\\\/\\\/www.capitalgameart.fi\\\/en\\\/\",\"name\":\"Capital of Game Art\",\"description\":\"Kouvola on pelitaiteen p\u00e4\u00e4kaupunki\",\"publisher\":{\"@id\":\"https:\\\/\\\/www.capitalgameart.fi\\\/en\\\/#organization\"},\"potentialAction\":[{\"@type\":\"SearchAction\",\"target\":{\"@type\":\"EntryPoint\",\"urlTemplate\":\"https:\\\/\\\/www.capitalgameart.fi\\\/en\\\/?s={search_term_string}\"},\"query-input\":{\"@type\":\"PropertyValueSpecification\",\"valueRequired\":true,\"valueName\":\"search_term_string\"}}],\"inLanguage\":\"en-GB\"},{\"@type\":\"Organization\",\"@id\":\"https:\\\/\\\/www.capitalgameart.fi\\\/en\\\/#organization\",\"name\":\"Capital of Game Art\",\"url\":\"https:\\\/\\\/www.capitalgameart.fi\\\/en\\\/\",\"logo\":{\"@type\":\"ImageObject\",\"inLanguage\":\"en-GB\",\"@id\":\"https:\\\/\\\/www.capitalgameart.fi\\\/en\\\/#\\\/schema\\\/logo\\\/image\\\/\",\"url\":\"https:\\\/\\\/www.capitalgameart.fi\\\/wp-content\\\/uploads\\\/2022\\\/03\\\/Capital-Of-Game-Art.png\",\"contentUrl\":\"https:\\\/\\\/www.capitalgameart.fi\\\/wp-content\\\/uploads\\\/2022\\\/03\\\/Capital-Of-Game-Art.png\",\"width\":1230,\"height\":522,\"caption\":\"Capital of Game Art\"},\"image\":{\"@id\":\"https:\\\/\\\/www.capitalgameart.fi\\\/en\\\/#\\\/schema\\\/logo\\\/image\\\/\"},\"sameAs\":[\"https:\\\/\\\/www.facebook.com\\\/capitalofgameart\",\"https:\\\/\\\/www.instagram.com\\\/capitalofgameart\\\/\",\"https:\\\/\\\/www.youtube.com\\\/channel\\\/UCD_-qOU5T2us6dDsJhInsAQ\"]}]}<\/script>\n<!-- \/ Yoast SEO plugin. -->","yoast_head_json":{"title":"CoGA:n tuottamat teokset | Capital of Game Art","description":"T\u00e4ll\u00e4 sivulla esitell\u00e4\u00e4n Capital of Game Artin tuottamia peliteoksia.","robots":{"index":"index","follow":"follow","max-snippet":"max-snippet:-1","max-image-preview":"max-image-preview:large","max-video-preview":"max-video-preview:-1"},"canonical":"https:\/\/www.capitalgameart.fi\/en\/cogan-tuottamat-teokset\/","og_locale":"en_GB","og_type":"article","og_title":"CoGA:n tuottamat teokset | Capital of Game Art","og_description":"T\u00e4ll\u00e4 sivulla esitell\u00e4\u00e4n Capital of Game Artin tuottamia peliteoksia.","og_url":"https:\/\/www.capitalgameart.fi\/en\/cogan-tuottamat-teokset\/","og_site_name":"Capital of Game Art","article_publisher":"https:\/\/www.facebook.com\/capitalofgameart","article_modified_time":"2023-11-28T12:53:05+00:00","og_image":[{"url":"https:\/\/www.capitalgameart.fi\/wp-content\/uploads\/2023\/05\/TrickleDown_pelaajat6_kuvaaja_SatuAhopelto-1-scaled.jpg","type":"","width":"","height":""}],"twitter_card":"summary_large_image","twitter_misc":{"Estimated reading time":"1 minute"},"schema":{"@context":"https:\/\/schema.org","@graph":[{"@type":"WebPage","@id":"https:\/\/www.capitalgameart.fi\/cogan-tuottamat-teokset\/","url":"https:\/\/www.capitalgameart.fi\/cogan-tuottamat-teokset\/","name":"CoGA:n tuottamat teokset | Capital of Game Art","isPartOf":{"@id":"https:\/\/www.capitalgameart.fi\/en\/#website"},"primaryImageOfPage":{"@id":"https:\/\/www.capitalgameart.fi\/cogan-tuottamat-teokset\/#primaryimage"},"image":{"@id":"https:\/\/www.capitalgameart.fi\/cogan-tuottamat-teokset\/#primaryimage"},"thumbnailUrl":"https:\/\/www.capitalgameart.fi\/wp-content\/uploads\/2023\/05\/TrickleDown_pelaajat6_kuvaaja_SatuAhopelto-1-scaled.jpg","datePublished":"2023-05-11T07:26:49+00:00","dateModified":"2023-11-28T12:53:05+00:00","description":"T\u00e4ll\u00e4 sivulla esitell\u00e4\u00e4n Capital of Game Artin tuottamia peliteoksia.","breadcrumb":{"@id":"https:\/\/www.capitalgameart.fi\/cogan-tuottamat-teokset\/#breadcrumb"},"inLanguage":"en-GB","potentialAction":[{"@type":"ReadAction","target":["https:\/\/www.capitalgameart.fi\/cogan-tuottamat-teokset\/"]}]},{"@type":"ImageObject","inLanguage":"en-GB","@id":"https:\/\/www.capitalgameart.fi\/cogan-tuottamat-teokset\/#primaryimage","url":"https:\/\/www.capitalgameart.fi\/wp-content\/uploads\/2023\/05\/TrickleDown_pelaajat6_kuvaaja_SatuAhopelto-1-scaled.jpg","contentUrl":"https:\/\/www.capitalgameart.fi\/wp-content\/uploads\/2023\/05\/TrickleDown_pelaajat6_kuvaaja_SatuAhopelto-1-scaled.jpg"},{"@type":"BreadcrumbList","@id":"https:\/\/www.capitalgameart.fi\/cogan-tuottamat-teokset\/#breadcrumb","itemListElement":[{"@type":"ListItem","position":1,"name":"Etusivu","item":"https:\/\/www.capitalgameart.fi\/"},{"@type":"ListItem","position":2,"name":"CoGA:n tuottamat teokset"}]},{"@type":"WebSite","@id":"https:\/\/www.capitalgameart.fi\/en\/#website","url":"https:\/\/www.capitalgameart.fi\/en\/","name":"Capital of Game Art","description":"Kouvola on pelitaiteen p\u00e4\u00e4kaupunki","publisher":{"@id":"https:\/\/www.capitalgameart.fi\/en\/#organization"},"potentialAction":[{"@type":"SearchAction","target":{"@type":"EntryPoint","urlTemplate":"https:\/\/www.capitalgameart.fi\/en\/?s={search_term_string}"},"query-input":{"@type":"PropertyValueSpecification","valueRequired":true,"valueName":"search_term_string"}}],"inLanguage":"en-GB"},{"@type":"Organization","@id":"https:\/\/www.capitalgameart.fi\/en\/#organization","name":"Capital of Game Art","url":"https:\/\/www.capitalgameart.fi\/en\/","logo":{"@type":"ImageObject","inLanguage":"en-GB","@id":"https:\/\/www.capitalgameart.fi\/en\/#\/schema\/logo\/image\/","url":"https:\/\/www.capitalgameart.fi\/wp-content\/uploads\/2022\/03\/Capital-Of-Game-Art.png","contentUrl":"https:\/\/www.capitalgameart.fi\/wp-content\/uploads\/2022\/03\/Capital-Of-Game-Art.png","width":1230,"height":522,"caption":"Capital of Game Art"},"image":{"@id":"https:\/\/www.capitalgameart.fi\/en\/#\/schema\/logo\/image\/"},"sameAs":["https:\/\/www.facebook.com\/capitalofgameart","https:\/\/www.instagram.com\/capitalofgameart\/","https:\/\/www.youtube.com\/channel\/UCD_-qOU5T2us6dDsJhInsAQ"]}]}},"_links":{"self":[{"href":"https:\/\/www.capitalgameart.fi\/en\/wp-json\/wp\/v2\/pages\/10147","targetHints":{"allow":["GET"]}}],"collection":[{"href":"https:\/\/www.capitalgameart.fi\/en\/wp-json\/wp\/v2\/pages"}],"about":[{"href":"https:\/\/www.capitalgameart.fi\/en\/wp-json\/wp\/v2\/types\/page"}],"author":[{"embeddable":true,"href":"https:\/\/www.capitalgameart.fi\/en\/wp-json\/wp\/v2\/users\/2"}],"replies":[{"embeddable":true,"href":"https:\/\/www.capitalgameart.fi\/en\/wp-json\/wp\/v2\/comments?post=10147"}],"version-history":[{"count":42,"href":"https:\/\/www.capitalgameart.fi\/en\/wp-json\/wp\/v2\/pages\/10147\/revisions"}],"predecessor-version":[{"id":11161,"href":"https:\/\/www.capitalgameart.fi\/en\/wp-json\/wp\/v2\/pages\/10147\/revisions\/11161"}],"wp:attachment":[{"href":"https:\/\/www.capitalgameart.fi\/en\/wp-json\/wp\/v2\/media?parent=10147"}],"curies":[{"name":"wp","href":"https:\/\/api.w.org\/{rel}","templated":true}]}}