{"id":3899,"date":"2022-03-09T01:15:06","date_gmt":"2022-03-08T23:15:06","guid":{"rendered":"https:\/\/www.capitalgameart.fi\/?page_id=3899"},"modified":"2022-03-09T03:15:58","modified_gmt":"2022-03-09T01:15:58","slug":"mikko-merilainen","status":"publish","type":"page","link":"https:\/\/www.capitalgameart.fi\/en\/mikko-merilainen\/","title":{"rendered":"Mikko Meril\u00e4inen"},"content":{"rendered":"<div data-elementor-type=\"wp-page\" data-elementor-id=\"3899\" class=\"elementor elementor-3899\" data-elementor-post-type=\"page\">\n\t\t\t\t\t\t<section class=\"elementor-section elementor-top-section elementor-element elementor-element-3a80e6b elementor-section-boxed elementor-section-height-default elementor-section-height-default\" data-id=\"3a80e6b\" data-element_type=\"section\" data-e-type=\"section\">\n\t\t\t\t\t\t<div class=\"elementor-container elementor-column-gap-default\">\n\t\t\t\t\t<div class=\"elementor-column elementor-col-100 elementor-top-column elementor-element elementor-element-831275a\" data-id=\"831275a\" data-element_type=\"column\" data-e-type=\"column\">\n\t\t\t<div class=\"elementor-widget-wrap elementor-element-populated\">\n\t\t\t\t\t\t<div class=\"elementor-element elementor-element-131c5fa elementor-widget elementor-widget-heading\" data-id=\"131c5fa\" data-element_type=\"widget\" data-e-type=\"widget\" data-widget_type=\"heading.default\">\n\t\t\t\t\t<h2 class=\"elementor-heading-title elementor-size-default\">Lecturer: Mikko Meril\u00e4inen<\/h2>\t\t\t\t<\/div>\n\t\t\t\t\t<\/div>\n\t\t<\/div>\n\t\t\t\t\t<\/div>\n\t\t<\/section>\n\t\t\t\t<section class=\"elementor-section elementor-top-section elementor-element elementor-element-123f3f9 elementor-section-boxed elementor-section-height-default elementor-section-height-default\" data-id=\"123f3f9\" data-element_type=\"section\" data-e-type=\"section\">\n\t\t\t\t\t\t<div class=\"elementor-container elementor-column-gap-default\">\n\t\t\t\t\t<div class=\"elementor-column elementor-col-100 elementor-top-column elementor-element elementor-element-0ed9a15\" data-id=\"0ed9a15\" data-element_type=\"column\" data-e-type=\"column\">\n\t\t\t<div class=\"elementor-widget-wrap elementor-element-populated\">\n\t\t\t\t\t\t<div class=\"elementor-element elementor-element-b4f4662 elementor-widget elementor-widget-image\" data-id=\"b4f4662\" data-element_type=\"widget\" data-e-type=\"widget\" data-widget_type=\"image.default\">\n\t\t\t\t\t\t\t\t\t\t\t\t\t\t\t<img fetchpriority=\"high\" decoding=\"async\" width=\"4501\" height=\"4501\" src=\"https:\/\/www.capitalgameart.fi\/wp-content\/uploads\/2022\/03\/1_mikko_merilainen-20.png\" class=\"attachment-full size-full wp-image-3932\" alt=\"\" srcset=\"https:\/\/www.capitalgameart.fi\/wp-content\/uploads\/2022\/03\/1_mikko_merilainen-20.png 4501w, https:\/\/www.capitalgameart.fi\/wp-content\/uploads\/2022\/03\/1_mikko_merilainen-20-300x300.png 300w, https:\/\/www.capitalgameart.fi\/wp-content\/uploads\/2022\/03\/1_mikko_merilainen-20-1024x1024.png 1024w, https:\/\/www.capitalgameart.fi\/wp-content\/uploads\/2022\/03\/1_mikko_merilainen-20-150x150.png 150w, https:\/\/www.capitalgameart.fi\/wp-content\/uploads\/2022\/03\/1_mikko_merilainen-20-768x768.png 768w, https:\/\/www.capitalgameart.fi\/wp-content\/uploads\/2022\/03\/1_mikko_merilainen-20-1536x1536.png 1536w, https:\/\/www.capitalgameart.fi\/wp-content\/uploads\/2022\/03\/1_mikko_merilainen-20-2048x2048.png 2048w, https:\/\/www.capitalgameart.fi\/wp-content\/uploads\/2022\/03\/1_mikko_merilainen-20-12x12.png 12w\" sizes=\"(max-width: 4501px) 100vw, 4501px\" \/>\t\t\t\t\t\t\t\t\t\t\t\t\t\t\t<\/div>\n\t\t\t\t\t<\/div>\n\t\t<\/div>\n\t\t\t\t\t<\/div>\n\t\t<\/section>\n\t\t\t\t<section class=\"elementor-section elementor-top-section elementor-element elementor-element-742ec3e elementor-section-boxed elementor-section-height-default elementor-section-height-default\" data-id=\"742ec3e\" data-element_type=\"section\" data-e-type=\"section\">\n\t\t\t\t\t\t<div class=\"elementor-container elementor-column-gap-default\">\n\t\t\t\t\t<div class=\"elementor-column elementor-col-100 elementor-top-column elementor-element elementor-element-d5db754\" data-id=\"d5db754\" data-element_type=\"column\" data-e-type=\"column\">\n\t\t\t<div class=\"elementor-widget-wrap elementor-element-populated\">\n\t\t\t\t\t\t<div class=\"elementor-element elementor-element-d9af9a2 elementor-widget elementor-widget-text-editor\" data-id=\"d9af9a2\" data-element_type=\"widget\" data-e-type=\"widget\" data-widget_type=\"text-editor.default\">\n\t\t\t\t\t\t\t\t\t<p><span data-contrast=\"auto\">Mikko Meril\u00e4inen is a postdoctoral researcher at Tampere University, in the Centre of Excellence for Game Culture Studies. He is especially interested in how gaming in its different forms is a part of everyday life, and his doctoral dissertation addressed young people\u2019s digital gaming as a parenting issue. Meril\u00e4inen is active in public discourses surrounding gaming, and has especially highlighted the need for gaming bildung, the nuanced understanding and sustainable development of complex gaming cultures.<\/span><span data-ccp-props=\"{&quot;201341983&quot;:0,&quot;335559739&quot;:160,&quot;335559740&quot;:259}\">\u00a0<\/span><\/p><p><span data-ccp-props=\"{&quot;201341983&quot;:0,&quot;335559739&quot;:160,&quot;335559740&quot;:259}\">\u00a0<\/span><\/p>\t\t\t\t\t\t\t\t<\/div>\n\t\t\t\t\t<\/div>\n\t\t<\/div>\n\t\t\t\t\t<\/div>\n\t\t<\/section>\n\t\t\t\t<section class=\"elementor-section elementor-top-section elementor-element elementor-element-4fa3c91 elementor-section-boxed elementor-section-height-default elementor-section-height-default\" data-id=\"4fa3c91\" data-element_type=\"section\" data-e-type=\"section\">\n\t\t\t\t\t\t<div class=\"elementor-container elementor-column-gap-default\">\n\t\t\t\t\t<div class=\"elementor-column elementor-col-100 elementor-top-column elementor-element elementor-element-2161698\" data-id=\"2161698\" data-element_type=\"column\" data-e-type=\"column\">\n\t\t\t<div class=\"elementor-widget-wrap elementor-element-populated\">\n\t\t\t\t\t\t<div class=\"elementor-element elementor-element-5963efb e-transform elementor-widget elementor-widget-heading\" data-id=\"5963efb\" data-element_type=\"widget\" data-e-type=\"widget\" data-settings=\"{&quot;motion_fx_motion_fx_mouse&quot;:&quot;yes&quot;,&quot;_transform_scale_effect_hover&quot;:{&quot;unit&quot;:&quot;px&quot;,&quot;size&quot;:0.9,&quot;sizes&quot;:[]},&quot;_transform_scale_effect_hover_tablet&quot;:{&quot;unit&quot;:&quot;px&quot;,&quot;size&quot;:&quot;&quot;,&quot;sizes&quot;:[]},&quot;_transform_scale_effect_hover_mobile&quot;:{&quot;unit&quot;:&quot;px&quot;,&quot;size&quot;:&quot;&quot;,&quot;sizes&quot;:[]}}\" data-widget_type=\"heading.default\">\n\t\t\t\t\t<h2 class=\"elementor-heading-title elementor-size-default\"><a href=\"https:\/\/www.capitalgameart.fi\/en\/2022\/01\/14\/pelitaiteen-luentosarja\/\">&lt; Palaa luentosarjaan<\/a><\/h2>\t\t\t\t<\/div>\n\t\t\t\t\t<\/div>\n\t\t<\/div>\n\t\t\t\t\t<\/div>\n\t\t<\/section>\n\t\t\t\t<\/div>","protected":false},"excerpt":{"rendered":"<p>Luennoitsija: Mikko Meril\u00e4inen Mikko Meril\u00e4inen (KT) on tutkijatohtori Tampereen yliopistossa, Pelikulttuurien tutkimuksen huippuyksik\u00f6ss\u00e4. H\u00e4n on erityisen kiinnostunut siit\u00e4, kuinka pelaaminen eri muodoissaan nivoutuu jokap\u00e4iv\u00e4iseen arkiel\u00e4m\u00e4\u00e4n, ja tarkasteli v\u00e4it\u00f6skirjassaan nuorten digitaaliseen pelaamisen k\u00e4sittely\u00e4 kodin kasvatuksessa. Meril\u00e4inen on aktiivinen julkinen keskustelija, ja on korostanut keskustelussa etenkin pelisivistyksen, pelikulttuurien monipuolisen ymm\u00e4rt\u00e4misen ja kehitt\u00e4misen, yhteiskunnallista tarvetta.\u00a0 \u00a0 < Palaa [&hellip;]\n<\/p>\n","protected":false},"author":2,"featured_media":0,"parent":0,"menu_order":0,"comment_status":"closed","ping_status":"closed","template":"elementor_header_footer","meta":{"footnotes":""},"class_list":["post-3899","page","type-page","status-publish","hentry","entry"],"yoast_head":"<!-- This site is optimized with the Yoast SEO plugin v27.5 - https:\/\/yoast.com\/product\/yoast-seo-wordpress\/ -->\n<title>Mikko Meril\u00e4inen | Capital of Game Art<\/title>\n<meta name=\"robots\" content=\"index, follow, max-snippet:-1, max-image-preview:large, max-video-preview:-1\" \/>\n<link rel=\"canonical\" href=\"https:\/\/www.capitalgameart.fi\/en\/mikko-merilainen\/\" \/>\n<meta property=\"og:locale\" content=\"en_GB\" \/>\n<meta property=\"og:type\" content=\"article\" \/>\n<meta property=\"og:title\" content=\"Mikko Meril\u00e4inen | Capital of Game Art\" \/>\n<meta property=\"og:url\" content=\"https:\/\/www.capitalgameart.fi\/en\/mikko-merilainen\/\" \/>\n<meta property=\"og:site_name\" content=\"Capital of Game Art\" \/>\n<meta property=\"article:publisher\" content=\"https:\/\/www.facebook.com\/capitalofgameart\" \/>\n<meta property=\"article:modified_time\" content=\"2022-03-09T01:15:58+00:00\" \/>\n<meta property=\"og:image\" content=\"https:\/\/www.capitalgameart.fi\/wp-content\/uploads\/2022\/03\/1_mikko_merilainen-20.png\" \/>\n<meta name=\"twitter:card\" content=\"summary_large_image\" \/>\n<script type=\"application\/ld+json\" class=\"yoast-schema-graph\">{\"@context\":\"https:\\\/\\\/schema.org\",\"@graph\":[{\"@type\":\"WebPage\",\"@id\":\"https:\\\/\\\/www.capitalgameart.fi\\\/mikko-merilainen\\\/\",\"url\":\"https:\\\/\\\/www.capitalgameart.fi\\\/mikko-merilainen\\\/\",\"name\":\"Mikko Meril\u00e4inen | Capital of Game Art\",\"isPartOf\":{\"@id\":\"https:\\\/\\\/www.capitalgameart.fi\\\/en\\\/#website\"},\"primaryImageOfPage\":{\"@id\":\"https:\\\/\\\/www.capitalgameart.fi\\\/mikko-merilainen\\\/#primaryimage\"},\"image\":{\"@id\":\"https:\\\/\\\/www.capitalgameart.fi\\\/mikko-merilainen\\\/#primaryimage\"},\"thumbnailUrl\":\"https:\\\/\\\/www.capitalgameart.fi\\\/wp-content\\\/uploads\\\/2022\\\/03\\\/1_mikko_merilainen-20.png\",\"datePublished\":\"2022-03-08T23:15:06+00:00\",\"dateModified\":\"2022-03-09T01:15:58+00:00\",\"breadcrumb\":{\"@id\":\"https:\\\/\\\/www.capitalgameart.fi\\\/mikko-merilainen\\\/#breadcrumb\"},\"inLanguage\":\"en-GB\",\"potentialAction\":[{\"@type\":\"ReadAction\",\"target\":[\"https:\\\/\\\/www.capitalgameart.fi\\\/mikko-merilainen\\\/\"]}]},{\"@type\":\"ImageObject\",\"inLanguage\":\"en-GB\",\"@id\":\"https:\\\/\\\/www.capitalgameart.fi\\\/mikko-merilainen\\\/#primaryimage\",\"url\":\"https:\\\/\\\/www.capitalgameart.fi\\\/wp-content\\\/uploads\\\/2022\\\/03\\\/1_mikko_merilainen-20.png\",\"contentUrl\":\"https:\\\/\\\/www.capitalgameart.fi\\\/wp-content\\\/uploads\\\/2022\\\/03\\\/1_mikko_merilainen-20.png\"},{\"@type\":\"BreadcrumbList\",\"@id\":\"https:\\\/\\\/www.capitalgameart.fi\\\/mikko-merilainen\\\/#breadcrumb\",\"itemListElement\":[{\"@type\":\"ListItem\",\"position\":1,\"name\":\"Etusivu\",\"item\":\"https:\\\/\\\/www.capitalgameart.fi\\\/\"},{\"@type\":\"ListItem\",\"position\":2,\"name\":\"Mikko Meril\u00e4inen\"}]},{\"@type\":\"WebSite\",\"@id\":\"https:\\\/\\\/www.capitalgameart.fi\\\/en\\\/#website\",\"url\":\"https:\\\/\\\/www.capitalgameart.fi\\\/en\\\/\",\"name\":\"Capital of Game Art\",\"description\":\"Kouvola on pelitaiteen p\u00e4\u00e4kaupunki\",\"publisher\":{\"@id\":\"https:\\\/\\\/www.capitalgameart.fi\\\/en\\\/#organization\"},\"potentialAction\":[{\"@type\":\"SearchAction\",\"target\":{\"@type\":\"EntryPoint\",\"urlTemplate\":\"https:\\\/\\\/www.capitalgameart.fi\\\/en\\\/?s={search_term_string}\"},\"query-input\":{\"@type\":\"PropertyValueSpecification\",\"valueRequired\":true,\"valueName\":\"search_term_string\"}}],\"inLanguage\":\"en-GB\"},{\"@type\":\"Organization\",\"@id\":\"https:\\\/\\\/www.capitalgameart.fi\\\/en\\\/#organization\",\"name\":\"Capital of Game Art\",\"url\":\"https:\\\/\\\/www.capitalgameart.fi\\\/en\\\/\",\"logo\":{\"@type\":\"ImageObject\",\"inLanguage\":\"en-GB\",\"@id\":\"https:\\\/\\\/www.capitalgameart.fi\\\/en\\\/#\\\/schema\\\/logo\\\/image\\\/\",\"url\":\"https:\\\/\\\/www.capitalgameart.fi\\\/wp-content\\\/uploads\\\/2022\\\/03\\\/Capital-Of-Game-Art.png\",\"contentUrl\":\"https:\\\/\\\/www.capitalgameart.fi\\\/wp-content\\\/uploads\\\/2022\\\/03\\\/Capital-Of-Game-Art.png\",\"width\":1230,\"height\":522,\"caption\":\"Capital of Game Art\"},\"image\":{\"@id\":\"https:\\\/\\\/www.capitalgameart.fi\\\/en\\\/#\\\/schema\\\/logo\\\/image\\\/\"},\"sameAs\":[\"https:\\\/\\\/www.facebook.com\\\/capitalofgameart\",\"https:\\\/\\\/www.instagram.com\\\/capitalofgameart\\\/\",\"https:\\\/\\\/www.youtube.com\\\/channel\\\/UCD_-qOU5T2us6dDsJhInsAQ\"]}]}<\/script>\n<!-- \/ Yoast SEO plugin. -->","yoast_head_json":{"title":"Mikko Meril\u00e4inen | Capital of Game Art","robots":{"index":"index","follow":"follow","max-snippet":"max-snippet:-1","max-image-preview":"max-image-preview:large","max-video-preview":"max-video-preview:-1"},"canonical":"https:\/\/www.capitalgameart.fi\/en\/mikko-merilainen\/","og_locale":"en_GB","og_type":"article","og_title":"Mikko Meril\u00e4inen | Capital of Game Art","og_url":"https:\/\/www.capitalgameart.fi\/en\/mikko-merilainen\/","og_site_name":"Capital of Game Art","article_publisher":"https:\/\/www.facebook.com\/capitalofgameart","article_modified_time":"2022-03-09T01:15:58+00:00","og_image":[{"url":"https:\/\/www.capitalgameart.fi\/wp-content\/uploads\/2022\/03\/1_mikko_merilainen-20.png","type":"","width":"","height":""}],"twitter_card":"summary_large_image","schema":{"@context":"https:\/\/schema.org","@graph":[{"@type":"WebPage","@id":"https:\/\/www.capitalgameart.fi\/mikko-merilainen\/","url":"https:\/\/www.capitalgameart.fi\/mikko-merilainen\/","name":"Mikko Meril\u00e4inen | Capital of Game Art","isPartOf":{"@id":"https:\/\/www.capitalgameart.fi\/en\/#website"},"primaryImageOfPage":{"@id":"https:\/\/www.capitalgameart.fi\/mikko-merilainen\/#primaryimage"},"image":{"@id":"https:\/\/www.capitalgameart.fi\/mikko-merilainen\/#primaryimage"},"thumbnailUrl":"https:\/\/www.capitalgameart.fi\/wp-content\/uploads\/2022\/03\/1_mikko_merilainen-20.png","datePublished":"2022-03-08T23:15:06+00:00","dateModified":"2022-03-09T01:15:58+00:00","breadcrumb":{"@id":"https:\/\/www.capitalgameart.fi\/mikko-merilainen\/#breadcrumb"},"inLanguage":"en-GB","potentialAction":[{"@type":"ReadAction","target":["https:\/\/www.capitalgameart.fi\/mikko-merilainen\/"]}]},{"@type":"ImageObject","inLanguage":"en-GB","@id":"https:\/\/www.capitalgameart.fi\/mikko-merilainen\/#primaryimage","url":"https:\/\/www.capitalgameart.fi\/wp-content\/uploads\/2022\/03\/1_mikko_merilainen-20.png","contentUrl":"https:\/\/www.capitalgameart.fi\/wp-content\/uploads\/2022\/03\/1_mikko_merilainen-20.png"},{"@type":"BreadcrumbList","@id":"https:\/\/www.capitalgameart.fi\/mikko-merilainen\/#breadcrumb","itemListElement":[{"@type":"ListItem","position":1,"name":"Etusivu","item":"https:\/\/www.capitalgameart.fi\/"},{"@type":"ListItem","position":2,"name":"Mikko Meril\u00e4inen"}]},{"@type":"WebSite","@id":"https:\/\/www.capitalgameart.fi\/en\/#website","url":"https:\/\/www.capitalgameart.fi\/en\/","name":"Capital of Game Art","description":"Kouvola on pelitaiteen p\u00e4\u00e4kaupunki","publisher":{"@id":"https:\/\/www.capitalgameart.fi\/en\/#organization"},"potentialAction":[{"@type":"SearchAction","target":{"@type":"EntryPoint","urlTemplate":"https:\/\/www.capitalgameart.fi\/en\/?s={search_term_string}"},"query-input":{"@type":"PropertyValueSpecification","valueRequired":true,"valueName":"search_term_string"}}],"inLanguage":"en-GB"},{"@type":"Organization","@id":"https:\/\/www.capitalgameart.fi\/en\/#organization","name":"Capital of Game Art","url":"https:\/\/www.capitalgameart.fi\/en\/","logo":{"@type":"ImageObject","inLanguage":"en-GB","@id":"https:\/\/www.capitalgameart.fi\/en\/#\/schema\/logo\/image\/","url":"https:\/\/www.capitalgameart.fi\/wp-content\/uploads\/2022\/03\/Capital-Of-Game-Art.png","contentUrl":"https:\/\/www.capitalgameart.fi\/wp-content\/uploads\/2022\/03\/Capital-Of-Game-Art.png","width":1230,"height":522,"caption":"Capital of Game Art"},"image":{"@id":"https:\/\/www.capitalgameart.fi\/en\/#\/schema\/logo\/image\/"},"sameAs":["https:\/\/www.facebook.com\/capitalofgameart","https:\/\/www.instagram.com\/capitalofgameart\/","https:\/\/www.youtube.com\/channel\/UCD_-qOU5T2us6dDsJhInsAQ"]}]}},"_links":{"self":[{"href":"https:\/\/www.capitalgameart.fi\/en\/wp-json\/wp\/v2\/pages\/3899","targetHints":{"allow":["GET"]}}],"collection":[{"href":"https:\/\/www.capitalgameart.fi\/en\/wp-json\/wp\/v2\/pages"}],"about":[{"href":"https:\/\/www.capitalgameart.fi\/en\/wp-json\/wp\/v2\/types\/page"}],"author":[{"embeddable":true,"href":"https:\/\/www.capitalgameart.fi\/en\/wp-json\/wp\/v2\/users\/2"}],"replies":[{"embeddable":true,"href":"https:\/\/www.capitalgameart.fi\/en\/wp-json\/wp\/v2\/comments?post=3899"}],"version-history":[{"count":19,"href":"https:\/\/www.capitalgameart.fi\/en\/wp-json\/wp\/v2\/pages\/3899\/revisions"}],"predecessor-version":[{"id":4014,"href":"https:\/\/www.capitalgameart.fi\/en\/wp-json\/wp\/v2\/pages\/3899\/revisions\/4014"}],"wp:attachment":[{"href":"https:\/\/www.capitalgameart.fi\/en\/wp-json\/wp\/v2\/media?parent=3899"}],"curies":[{"name":"wp","href":"https:\/\/api.w.org\/{rel}","templated":true}]}}