{"id":3946,"date":"2022-03-09T02:47:49","date_gmt":"2022-03-09T00:47:49","guid":{"rendered":"https:\/\/www.capitalgameart.fi\/?page_id=3946"},"modified":"2022-03-09T03:17:46","modified_gmt":"2022-03-09T01:17:46","slug":"aleksandr-manzos","status":"publish","type":"page","link":"https:\/\/www.capitalgameart.fi\/en\/aleksandr-manzos\/","title":{"rendered":"Aleksandr Manzos,"},"content":{"rendered":"<div data-elementor-type=\"wp-page\" data-elementor-id=\"3946\" class=\"elementor elementor-3946\" data-elementor-post-type=\"page\">\n\t\t\t\t\t\t<section class=\"elementor-section elementor-top-section elementor-element elementor-element-0792f1f elementor-section-boxed elementor-section-height-default elementor-section-height-default\" data-id=\"0792f1f\" data-element_type=\"section\" data-e-type=\"section\">\n\t\t\t\t\t\t<div class=\"elementor-container elementor-column-gap-default\">\n\t\t\t\t\t<div class=\"elementor-column elementor-col-100 elementor-top-column elementor-element elementor-element-7070593\" data-id=\"7070593\" data-element_type=\"column\" data-e-type=\"column\">\n\t\t\t<div class=\"elementor-widget-wrap elementor-element-populated\">\n\t\t\t\t\t\t<div class=\"elementor-element elementor-element-af97f3b elementor-widget elementor-widget-heading\" data-id=\"af97f3b\" data-element_type=\"widget\" data-e-type=\"widget\" data-widget_type=\"heading.default\">\n\t\t\t\t\t<h2 class=\"elementor-heading-title elementor-size-default\">Lecturer: Aleksandr Manzos<\/h2>\t\t\t\t<\/div>\n\t\t\t\t\t<\/div>\n\t\t<\/div>\n\t\t\t\t\t<\/div>\n\t\t<\/section>\n\t\t\t\t<section class=\"elementor-section elementor-top-section elementor-element elementor-element-d3c3de9 elementor-section-boxed elementor-section-height-default elementor-section-height-default\" data-id=\"d3c3de9\" data-element_type=\"section\" data-e-type=\"section\">\n\t\t\t\t\t\t<div class=\"elementor-container elementor-column-gap-default\">\n\t\t\t\t\t<div class=\"elementor-column elementor-col-100 elementor-top-column elementor-element elementor-element-30f69bc\" data-id=\"30f69bc\" data-element_type=\"column\" data-e-type=\"column\">\n\t\t\t<div class=\"elementor-widget-wrap elementor-element-populated\">\n\t\t\t\t\t\t<div class=\"elementor-element elementor-element-3100e9d elementor-widget elementor-widget-image\" data-id=\"3100e9d\" data-element_type=\"widget\" data-e-type=\"widget\" data-widget_type=\"image.default\">\n\t\t\t\t\t\t\t\t\t\t\t\t\t\t\t<img fetchpriority=\"high\" decoding=\"async\" width=\"4501\" height=\"4501\" src=\"https:\/\/www.capitalgameart.fi\/wp-content\/uploads\/2022\/03\/2_Aleksandr-Manzos-20.png\" class=\"attachment-full size-full wp-image-3951\" alt=\"\" srcset=\"https:\/\/www.capitalgameart.fi\/wp-content\/uploads\/2022\/03\/2_Aleksandr-Manzos-20.png 4501w, https:\/\/www.capitalgameart.fi\/wp-content\/uploads\/2022\/03\/2_Aleksandr-Manzos-20-300x300.png 300w, https:\/\/www.capitalgameart.fi\/wp-content\/uploads\/2022\/03\/2_Aleksandr-Manzos-20-1024x1024.png 1024w, https:\/\/www.capitalgameart.fi\/wp-content\/uploads\/2022\/03\/2_Aleksandr-Manzos-20-150x150.png 150w, https:\/\/www.capitalgameart.fi\/wp-content\/uploads\/2022\/03\/2_Aleksandr-Manzos-20-768x768.png 768w, https:\/\/www.capitalgameart.fi\/wp-content\/uploads\/2022\/03\/2_Aleksandr-Manzos-20-1536x1536.png 1536w, https:\/\/www.capitalgameart.fi\/wp-content\/uploads\/2022\/03\/2_Aleksandr-Manzos-20-2048x2048.png 2048w, https:\/\/www.capitalgameart.fi\/wp-content\/uploads\/2022\/03\/2_Aleksandr-Manzos-20-12x12.png 12w\" sizes=\"(max-width: 4501px) 100vw, 4501px\" \/>\t\t\t\t\t\t\t\t\t\t\t\t\t\t\t<\/div>\n\t\t\t\t\t<\/div>\n\t\t<\/div>\n\t\t\t\t\t<\/div>\n\t\t<\/section>\n\t\t\t\t<section class=\"elementor-section elementor-top-section elementor-element elementor-element-0783a2c elementor-section-boxed elementor-section-height-default elementor-section-height-default\" data-id=\"0783a2c\" data-element_type=\"section\" data-e-type=\"section\">\n\t\t\t\t\t\t<div class=\"elementor-container elementor-column-gap-default\">\n\t\t\t\t\t<div class=\"elementor-column elementor-col-100 elementor-top-column elementor-element elementor-element-3121ca7\" data-id=\"3121ca7\" data-element_type=\"column\" data-e-type=\"column\">\n\t\t\t<div class=\"elementor-widget-wrap elementor-element-populated\">\n\t\t\t\t\t\t<div class=\"elementor-element elementor-element-70d3291 elementor-widget elementor-widget-text-editor\" data-id=\"70d3291\" data-element_type=\"widget\" data-e-type=\"widget\" data-widget_type=\"text-editor.default\">\n\t\t\t\t\t\t\t\t\t<p><span class=\"TextRun SCXW190162989 BCX9\" lang=\"FI-FI\" xml:lang=\"FI-FI\" data-contrast=\"none\"><span class=\"NormalTextRun SCXW190162989 BCX9\">Aleksandr <\/span><span class=\"SpellingError SCXW190162989 BCX9\">Manzos<\/span><span class=\"NormalTextRun SCXW190162989 BCX9\"> has written about digital games for over a decade and published five game-related books, the latest being Kokeelliset pelit (\"Experimental Games\") in 2021. They are especially interested in indiegames, gaming history, <\/span><span class=\"SpellingError SCXW190162989 BCX9\">and the links between games an<\/span><span class=\"NormalTextRun SCXW190162989 BCX9\">d other art and culture.<\/span><\/span><span class=\"EOP SCXW190162989 BCX9\" data-ccp-props=\"{&quot;201341983&quot;:0,&quot;335559739&quot;:160,&quot;335559740&quot;:259}\">\u00a0<\/span><\/p>\t\t\t\t\t\t\t\t<\/div>\n\t\t\t\t\t<\/div>\n\t\t<\/div>\n\t\t\t\t\t<\/div>\n\t\t<\/section>\n\t\t\t\t<section class=\"elementor-section elementor-top-section elementor-element elementor-element-f1024fe elementor-section-boxed elementor-section-height-default elementor-section-height-default\" data-id=\"f1024fe\" data-element_type=\"section\" data-e-type=\"section\">\n\t\t\t\t\t\t<div class=\"elementor-container elementor-column-gap-default\">\n\t\t\t\t\t<div class=\"elementor-column elementor-col-100 elementor-top-column elementor-element elementor-element-dd63aeb\" data-id=\"dd63aeb\" data-element_type=\"column\" data-e-type=\"column\">\n\t\t\t<div class=\"elementor-widget-wrap elementor-element-populated\">\n\t\t\t\t\t\t<div class=\"elementor-element elementor-element-419291a e-transform elementor-widget elementor-widget-heading\" data-id=\"419291a\" data-element_type=\"widget\" data-e-type=\"widget\" data-settings=\"{&quot;motion_fx_motion_fx_mouse&quot;:&quot;yes&quot;,&quot;_transform_scale_effect_hover&quot;:{&quot;unit&quot;:&quot;px&quot;,&quot;size&quot;:0.9,&quot;sizes&quot;:[]},&quot;_transform_scale_effect_hover_tablet&quot;:{&quot;unit&quot;:&quot;px&quot;,&quot;size&quot;:&quot;&quot;,&quot;sizes&quot;:[]},&quot;_transform_scale_effect_hover_mobile&quot;:{&quot;unit&quot;:&quot;px&quot;,&quot;size&quot;:&quot;&quot;,&quot;sizes&quot;:[]}}\" data-widget_type=\"heading.default\">\n\t\t\t\t\t<h2 class=\"elementor-heading-title elementor-size-default\"><a href=\"https:\/\/www.capitalgameart.fi\/en\/2022\/01\/14\/pelitaiteen-luentosarja\/\">&lt; Palaa luentosarjaan<\/a><\/h2>\t\t\t\t<\/div>\n\t\t\t\t\t<\/div>\n\t\t<\/div>\n\t\t\t\t\t<\/div>\n\t\t<\/section>\n\t\t\t\t<\/div>","protected":false},"excerpt":{"rendered":"<p>Luennoitsija: Aleksandr Manzos Aleksandr Manzos on kirjoittanut digitaalisista peleist\u00e4 yli kymmenen vuoden ajan. H\u00e4n on julkaissut viisi peliaiheista kirjaa, viimeisimp\u00e4n\u00e4 Kokeelliset pelit (2021). Erityisesti h\u00e4nt\u00e4 kiinnostaa indiepelit, pelihistoria sek\u00e4 pelien ja muun taiteen ja kulttuurin risteyskohdat.\u00a0 &lt; GO back to the lecture series\n<\/p>","protected":false},"author":2,"featured_media":0,"parent":0,"menu_order":0,"comment_status":"closed","ping_status":"closed","template":"elementor_header_footer","meta":{"footnotes":""},"class_list":["post-3946","page","type-page","status-publish","hentry","entry"],"yoast_head":"<!-- This site is optimized with the Yoast SEO plugin v27.4 - https:\/\/yoast.com\/product\/yoast-seo-wordpress\/ -->\n<title>Aleksandr Manzos | Capital of Game Art<\/title>\n<meta name=\"robots\" content=\"index, follow, max-snippet:-1, max-image-preview:large, max-video-preview:-1\" \/>\n<link rel=\"canonical\" href=\"https:\/\/www.capitalgameart.fi\/en\/aleksandr-manzos\/\" \/>\n<meta property=\"og:locale\" content=\"en_GB\" \/>\n<meta property=\"og:type\" content=\"article\" \/>\n<meta property=\"og:title\" content=\"Aleksandr Manzos | Capital of Game Art\" \/>\n<meta property=\"og:url\" content=\"https:\/\/www.capitalgameart.fi\/en\/aleksandr-manzos\/\" \/>\n<meta property=\"og:site_name\" content=\"Capital of Game Art\" \/>\n<meta property=\"article:publisher\" content=\"https:\/\/www.facebook.com\/capitalofgameart\" \/>\n<meta property=\"article:modified_time\" content=\"2022-03-09T01:17:46+00:00\" \/>\n<meta property=\"og:image\" content=\"https:\/\/www.capitalgameart.fi\/wp-content\/uploads\/2022\/03\/2_Aleksandr-Manzos-20.png\" \/>\n<meta name=\"twitter:card\" content=\"summary_large_image\" \/>\n<script type=\"application\/ld+json\" class=\"yoast-schema-graph\">{\"@context\":\"https:\\\/\\\/schema.org\",\"@graph\":[{\"@type\":\"WebPage\",\"@id\":\"https:\\\/\\\/www.capitalgameart.fi\\\/aleksandr-manzos\\\/\",\"url\":\"https:\\\/\\\/www.capitalgameart.fi\\\/aleksandr-manzos\\\/\",\"name\":\"Aleksandr Manzos | Capital of Game Art\",\"isPartOf\":{\"@id\":\"https:\\\/\\\/www.capitalgameart.fi\\\/en\\\/#website\"},\"primaryImageOfPage\":{\"@id\":\"https:\\\/\\\/www.capitalgameart.fi\\\/aleksandr-manzos\\\/#primaryimage\"},\"image\":{\"@id\":\"https:\\\/\\\/www.capitalgameart.fi\\\/aleksandr-manzos\\\/#primaryimage\"},\"thumbnailUrl\":\"https:\\\/\\\/www.capitalgameart.fi\\\/wp-content\\\/uploads\\\/2022\\\/03\\\/2_Aleksandr-Manzos-20.png\",\"datePublished\":\"2022-03-09T00:47:49+00:00\",\"dateModified\":\"2022-03-09T01:17:46+00:00\",\"breadcrumb\":{\"@id\":\"https:\\\/\\\/www.capitalgameart.fi\\\/aleksandr-manzos\\\/#breadcrumb\"},\"inLanguage\":\"en-GB\",\"potentialAction\":[{\"@type\":\"ReadAction\",\"target\":[\"https:\\\/\\\/www.capitalgameart.fi\\\/aleksandr-manzos\\\/\"]}]},{\"@type\":\"ImageObject\",\"inLanguage\":\"en-GB\",\"@id\":\"https:\\\/\\\/www.capitalgameart.fi\\\/aleksandr-manzos\\\/#primaryimage\",\"url\":\"https:\\\/\\\/www.capitalgameart.fi\\\/wp-content\\\/uploads\\\/2022\\\/03\\\/2_Aleksandr-Manzos-20.png\",\"contentUrl\":\"https:\\\/\\\/www.capitalgameart.fi\\\/wp-content\\\/uploads\\\/2022\\\/03\\\/2_Aleksandr-Manzos-20.png\"},{\"@type\":\"BreadcrumbList\",\"@id\":\"https:\\\/\\\/www.capitalgameart.fi\\\/aleksandr-manzos\\\/#breadcrumb\",\"itemListElement\":[{\"@type\":\"ListItem\",\"position\":1,\"name\":\"Etusivu\",\"item\":\"https:\\\/\\\/www.capitalgameart.fi\\\/\"},{\"@type\":\"ListItem\",\"position\":2,\"name\":\"Aleksandr Manzos\"}]},{\"@type\":\"WebSite\",\"@id\":\"https:\\\/\\\/www.capitalgameart.fi\\\/en\\\/#website\",\"url\":\"https:\\\/\\\/www.capitalgameart.fi\\\/en\\\/\",\"name\":\"Capital of Game Art\",\"description\":\"Kouvola on pelitaiteen p\u00e4\u00e4kaupunki\",\"publisher\":{\"@id\":\"https:\\\/\\\/www.capitalgameart.fi\\\/en\\\/#organization\"},\"potentialAction\":[{\"@type\":\"SearchAction\",\"target\":{\"@type\":\"EntryPoint\",\"urlTemplate\":\"https:\\\/\\\/www.capitalgameart.fi\\\/en\\\/?s={search_term_string}\"},\"query-input\":{\"@type\":\"PropertyValueSpecification\",\"valueRequired\":true,\"valueName\":\"search_term_string\"}}],\"inLanguage\":\"en-GB\"},{\"@type\":\"Organization\",\"@id\":\"https:\\\/\\\/www.capitalgameart.fi\\\/en\\\/#organization\",\"name\":\"Capital of Game Art\",\"url\":\"https:\\\/\\\/www.capitalgameart.fi\\\/en\\\/\",\"logo\":{\"@type\":\"ImageObject\",\"inLanguage\":\"en-GB\",\"@id\":\"https:\\\/\\\/www.capitalgameart.fi\\\/en\\\/#\\\/schema\\\/logo\\\/image\\\/\",\"url\":\"https:\\\/\\\/www.capitalgameart.fi\\\/wp-content\\\/uploads\\\/2022\\\/03\\\/Capital-Of-Game-Art.png\",\"contentUrl\":\"https:\\\/\\\/www.capitalgameart.fi\\\/wp-content\\\/uploads\\\/2022\\\/03\\\/Capital-Of-Game-Art.png\",\"width\":1230,\"height\":522,\"caption\":\"Capital of Game Art\"},\"image\":{\"@id\":\"https:\\\/\\\/www.capitalgameart.fi\\\/en\\\/#\\\/schema\\\/logo\\\/image\\\/\"},\"sameAs\":[\"https:\\\/\\\/www.facebook.com\\\/capitalofgameart\",\"https:\\\/\\\/www.instagram.com\\\/capitalofgameart\\\/\",\"https:\\\/\\\/www.youtube.com\\\/channel\\\/UCD_-qOU5T2us6dDsJhInsAQ\"]}]}<\/script>\n<!-- \/ Yoast SEO plugin. -->","yoast_head_json":{"title":"Aleksandr Manzos | Capital of Game Art","robots":{"index":"index","follow":"follow","max-snippet":"max-snippet:-1","max-image-preview":"max-image-preview:large","max-video-preview":"max-video-preview:-1"},"canonical":"https:\/\/www.capitalgameart.fi\/en\/aleksandr-manzos\/","og_locale":"en_GB","og_type":"article","og_title":"Aleksandr Manzos | Capital of Game Art","og_url":"https:\/\/www.capitalgameart.fi\/en\/aleksandr-manzos\/","og_site_name":"Capital of Game Art","article_publisher":"https:\/\/www.facebook.com\/capitalofgameart","article_modified_time":"2022-03-09T01:17:46+00:00","og_image":[{"url":"https:\/\/www.capitalgameart.fi\/wp-content\/uploads\/2022\/03\/2_Aleksandr-Manzos-20.png","type":"","width":"","height":""}],"twitter_card":"summary_large_image","schema":{"@context":"https:\/\/schema.org","@graph":[{"@type":"WebPage","@id":"https:\/\/www.capitalgameart.fi\/aleksandr-manzos\/","url":"https:\/\/www.capitalgameart.fi\/aleksandr-manzos\/","name":"Aleksandr Manzos | Capital of Game Art","isPartOf":{"@id":"https:\/\/www.capitalgameart.fi\/en\/#website"},"primaryImageOfPage":{"@id":"https:\/\/www.capitalgameart.fi\/aleksandr-manzos\/#primaryimage"},"image":{"@id":"https:\/\/www.capitalgameart.fi\/aleksandr-manzos\/#primaryimage"},"thumbnailUrl":"https:\/\/www.capitalgameart.fi\/wp-content\/uploads\/2022\/03\/2_Aleksandr-Manzos-20.png","datePublished":"2022-03-09T00:47:49+00:00","dateModified":"2022-03-09T01:17:46+00:00","breadcrumb":{"@id":"https:\/\/www.capitalgameart.fi\/aleksandr-manzos\/#breadcrumb"},"inLanguage":"en-GB","potentialAction":[{"@type":"ReadAction","target":["https:\/\/www.capitalgameart.fi\/aleksandr-manzos\/"]}]},{"@type":"ImageObject","inLanguage":"en-GB","@id":"https:\/\/www.capitalgameart.fi\/aleksandr-manzos\/#primaryimage","url":"https:\/\/www.capitalgameart.fi\/wp-content\/uploads\/2022\/03\/2_Aleksandr-Manzos-20.png","contentUrl":"https:\/\/www.capitalgameart.fi\/wp-content\/uploads\/2022\/03\/2_Aleksandr-Manzos-20.png"},{"@type":"BreadcrumbList","@id":"https:\/\/www.capitalgameart.fi\/aleksandr-manzos\/#breadcrumb","itemListElement":[{"@type":"ListItem","position":1,"name":"Etusivu","item":"https:\/\/www.capitalgameart.fi\/"},{"@type":"ListItem","position":2,"name":"Aleksandr Manzos"}]},{"@type":"WebSite","@id":"https:\/\/www.capitalgameart.fi\/en\/#website","url":"https:\/\/www.capitalgameart.fi\/en\/","name":"Capital of Game Art","description":"Kouvola on pelitaiteen p\u00e4\u00e4kaupunki","publisher":{"@id":"https:\/\/www.capitalgameart.fi\/en\/#organization"},"potentialAction":[{"@type":"SearchAction","target":{"@type":"EntryPoint","urlTemplate":"https:\/\/www.capitalgameart.fi\/en\/?s={search_term_string}"},"query-input":{"@type":"PropertyValueSpecification","valueRequired":true,"valueName":"search_term_string"}}],"inLanguage":"en-GB"},{"@type":"Organization","@id":"https:\/\/www.capitalgameart.fi\/en\/#organization","name":"Capital of Game Art","url":"https:\/\/www.capitalgameart.fi\/en\/","logo":{"@type":"ImageObject","inLanguage":"en-GB","@id":"https:\/\/www.capitalgameart.fi\/en\/#\/schema\/logo\/image\/","url":"https:\/\/www.capitalgameart.fi\/wp-content\/uploads\/2022\/03\/Capital-Of-Game-Art.png","contentUrl":"https:\/\/www.capitalgameart.fi\/wp-content\/uploads\/2022\/03\/Capital-Of-Game-Art.png","width":1230,"height":522,"caption":"Capital of Game Art"},"image":{"@id":"https:\/\/www.capitalgameart.fi\/en\/#\/schema\/logo\/image\/"},"sameAs":["https:\/\/www.facebook.com\/capitalofgameart","https:\/\/www.instagram.com\/capitalofgameart\/","https:\/\/www.youtube.com\/channel\/UCD_-qOU5T2us6dDsJhInsAQ"]}]}},"_links":{"self":[{"href":"https:\/\/www.capitalgameart.fi\/en\/wp-json\/wp\/v2\/pages\/3946","targetHints":{"allow":["GET"]}}],"collection":[{"href":"https:\/\/www.capitalgameart.fi\/en\/wp-json\/wp\/v2\/pages"}],"about":[{"href":"https:\/\/www.capitalgameart.fi\/en\/wp-json\/wp\/v2\/types\/page"}],"author":[{"embeddable":true,"href":"https:\/\/www.capitalgameart.fi\/en\/wp-json\/wp\/v2\/users\/2"}],"replies":[{"embeddable":true,"href":"https:\/\/www.capitalgameart.fi\/en\/wp-json\/wp\/v2\/comments?post=3946"}],"version-history":[{"count":28,"href":"https:\/\/www.capitalgameart.fi\/en\/wp-json\/wp\/v2\/pages\/3946\/revisions"}],"predecessor-version":[{"id":4020,"href":"https:\/\/www.capitalgameart.fi\/en\/wp-json\/wp\/v2\/pages\/3946\/revisions\/4020"}],"wp:attachment":[{"href":"https:\/\/www.capitalgameart.fi\/en\/wp-json\/wp\/v2\/media?parent=3946"}],"curies":[{"name":"wp","href":"https:\/\/api.w.org\/{rel}","templated":true}]}}