{"id":46,"date":"2021-06-12T02:46:27","date_gmt":"2021-06-11T23:46:27","guid":{"rendered":"https:\/\/www.capitalgameart.fi\/?page_id=46"},"modified":"2022-08-31T03:22:18","modified_gmt":"2022-08-31T00:22:18","slug":"yhteystiedot","status":"publish","type":"page","link":"https:\/\/www.capitalgameart.fi\/en\/yhteystiedot\/","title":{"rendered":"Contact"},"content":{"rendered":"<div data-elementor-type=\"wp-page\" data-elementor-id=\"46\" class=\"elementor elementor-46\" data-elementor-post-type=\"page\">\n\t\t\t\t\t\t<section class=\"elementor-section elementor-top-section elementor-element elementor-element-b2cf856 elementor-section-height-min-height elementor-section-content-bottom elementor-section-boxed elementor-section-height-default elementor-section-items-middle\" data-id=\"b2cf856\" data-element_type=\"section\" data-e-type=\"section\" data-settings=\"{&quot;background_background&quot;:&quot;classic&quot;}\">\n\t\t\t\t\t\t<div class=\"elementor-container elementor-column-gap-default\">\n\t\t\t\t\t<div class=\"elementor-column elementor-col-100 elementor-top-column elementor-element elementor-element-a905c82\" data-id=\"a905c82\" data-element_type=\"column\" data-e-type=\"column\">\n\t\t\t<div class=\"elementor-widget-wrap elementor-element-populated\">\n\t\t\t\t\t\t<div class=\"elementor-element elementor-element-a529df6 elementor-widget elementor-widget-heading\" data-id=\"a529df6\" data-element_type=\"widget\" data-e-type=\"widget\" data-widget_type=\"heading.default\">\n\t\t\t\t\t<h2 class=\"elementor-heading-title elementor-size-default\">Contact<\/h2>\t\t\t\t<\/div>\n\t\t\t\t\t<\/div>\n\t\t<\/div>\n\t\t\t\t\t<\/div>\n\t\t<\/section>\n\t\t\t\t<section class=\"elementor-section elementor-top-section elementor-element elementor-element-79523f5 elementor-section-boxed elementor-section-height-default elementor-section-height-default\" data-id=\"79523f5\" data-element_type=\"section\" data-e-type=\"section\">\n\t\t\t\t\t\t<div class=\"elementor-container elementor-column-gap-default\">\n\t\t\t\t\t<div class=\"elementor-column elementor-col-33 elementor-top-column elementor-element elementor-element-6cf0ab0\" data-id=\"6cf0ab0\" data-element_type=\"column\" data-e-type=\"column\">\n\t\t\t<div class=\"elementor-widget-wrap elementor-element-populated\">\n\t\t\t\t\t\t<div class=\"elementor-element elementor-element-530a5b9 elementor-widget elementor-widget-image\" data-id=\"530a5b9\" data-element_type=\"widget\" data-e-type=\"widget\" data-widget_type=\"image.default\">\n\t\t\t\t\t\t\t\t\t\t\t\t\t\t\t<img fetchpriority=\"high\" decoding=\"async\" width=\"1668\" height=\"1668\" src=\"https:\/\/www.capitalgameart.fi\/wp-content\/uploads\/2022\/06\/yhteystietokuvat2-42.png\" class=\"attachment-full size-full wp-image-5691\" alt=\"\" srcset=\"https:\/\/www.capitalgameart.fi\/wp-content\/uploads\/2022\/06\/yhteystietokuvat2-42.png 1668w, https:\/\/www.capitalgameart.fi\/wp-content\/uploads\/2022\/06\/yhteystietokuvat2-42-300x300.png 300w, https:\/\/www.capitalgameart.fi\/wp-content\/uploads\/2022\/06\/yhteystietokuvat2-42-1024x1024.png 1024w, https:\/\/www.capitalgameart.fi\/wp-content\/uploads\/2022\/06\/yhteystietokuvat2-42-150x150.png 150w, https:\/\/www.capitalgameart.fi\/wp-content\/uploads\/2022\/06\/yhteystietokuvat2-42-768x768.png 768w, https:\/\/www.capitalgameart.fi\/wp-content\/uploads\/2022\/06\/yhteystietokuvat2-42-1536x1536.png 1536w, https:\/\/www.capitalgameart.fi\/wp-content\/uploads\/2022\/06\/yhteystietokuvat2-42-12x12.png 12w, https:\/\/www.capitalgameart.fi\/wp-content\/uploads\/2022\/06\/yhteystietokuvat2-42-600x600.png 600w\" sizes=\"(max-width: 1668px) 100vw, 1668px\" \/>\t\t\t\t\t\t\t\t\t\t\t\t\t\t\t<\/div>\n\t\t\t\t\t<\/div>\n\t\t<\/div>\n\t\t\t\t<div class=\"elementor-column elementor-col-33 elementor-top-column elementor-element elementor-element-ad18411\" data-id=\"ad18411\" data-element_type=\"column\" data-e-type=\"column\">\n\t\t\t<div class=\"elementor-widget-wrap elementor-element-populated\">\n\t\t\t\t\t\t<div class=\"elementor-element elementor-element-7c98b4f elementor-widget elementor-widget-text-editor\" data-id=\"7c98b4f\" data-element_type=\"widget\" data-e-type=\"widget\" data-widget_type=\"text-editor.default\">\n\t\t\t\t\t\t\t\t\t<p>Project manager<\/p>\t\t\t\t\t\t\t\t<\/div>\n\t\t\t\t<div class=\"elementor-element elementor-element-36d54cc elementor-widget elementor-widget-heading\" data-id=\"36d54cc\" data-element_type=\"widget\" data-e-type=\"widget\" data-widget_type=\"heading.default\">\n\t\t\t\t\t<h2 class=\"elementor-heading-title elementor-size-default\">Annika Salmi<\/h2>\t\t\t\t<\/div>\n\t\t\t\t<div class=\"elementor-element elementor-element-3c9f01d elementor-widget elementor-widget-text-editor\" data-id=\"3c9f01d\" data-element_type=\"widget\" data-e-type=\"widget\" data-widget_type=\"text-editor.default\">\n\t\t\t\t\t\t\t\t\t<p>South Eastern Finland University of Applied Sciences Xamk<\/p><p>Email in the form of <br \/>firstname.lastname@xamk.fi<\/p>\t\t\t\t\t\t\t\t<\/div>\n\t\t\t\t\t<\/div>\n\t\t<\/div>\n\t\t\t\t<div class=\"elementor-column elementor-col-33 elementor-top-column elementor-element elementor-element-e95d04e\" data-id=\"e95d04e\" data-element_type=\"column\" data-e-type=\"column\">\n\t\t\t<div class=\"elementor-widget-wrap\">\n\t\t\t\t\t\t\t<\/div>\n\t\t<\/div>\n\t\t\t\t\t<\/div>\n\t\t<\/section>\n\t\t\t\t<section class=\"elementor-section elementor-top-section elementor-element elementor-element-65277b6 elementor-section-boxed elementor-section-height-default elementor-section-height-default\" data-id=\"65277b6\" data-element_type=\"section\" data-e-type=\"section\">\n\t\t\t\t\t\t<div class=\"elementor-container elementor-column-gap-default\">\n\t\t\t\t\t<div class=\"elementor-column elementor-col-33 elementor-top-column elementor-element elementor-element-39dbcd7\" data-id=\"39dbcd7\" data-element_type=\"column\" data-e-type=\"column\">\n\t\t\t<div class=\"elementor-widget-wrap elementor-element-populated\">\n\t\t\t\t\t\t<div class=\"elementor-element elementor-element-aa7fa1f elementor-widget elementor-widget-image\" data-id=\"aa7fa1f\" data-element_type=\"widget\" data-e-type=\"widget\" data-widget_type=\"image.default\">\n\t\t\t\t\t\t\t\t\t\t\t\t\t\t\t<img decoding=\"async\" width=\"1668\" height=\"1667\" src=\"https:\/\/www.capitalgameart.fi\/wp-content\/uploads\/2022\/06\/yhteystietokuvat2-43-1.png\" class=\"attachment-full size-full wp-image-5693\" alt=\"\" srcset=\"https:\/\/www.capitalgameart.fi\/wp-content\/uploads\/2022\/06\/yhteystietokuvat2-43-1.png 1668w, https:\/\/www.capitalgameart.fi\/wp-content\/uploads\/2022\/06\/yhteystietokuvat2-43-1-300x300.png 300w, https:\/\/www.capitalgameart.fi\/wp-content\/uploads\/2022\/06\/yhteystietokuvat2-43-1-1024x1024.png 1024w, https:\/\/www.capitalgameart.fi\/wp-content\/uploads\/2022\/06\/yhteystietokuvat2-43-1-150x150.png 150w, https:\/\/www.capitalgameart.fi\/wp-content\/uploads\/2022\/06\/yhteystietokuvat2-43-1-768x768.png 768w, https:\/\/www.capitalgameart.fi\/wp-content\/uploads\/2022\/06\/yhteystietokuvat2-43-1-1536x1536.png 1536w, https:\/\/www.capitalgameart.fi\/wp-content\/uploads\/2022\/06\/yhteystietokuvat2-43-1-12x12.png 12w, https:\/\/www.capitalgameart.fi\/wp-content\/uploads\/2022\/06\/yhteystietokuvat2-43-1-600x600.png 600w\" sizes=\"(max-width: 1668px) 100vw, 1668px\" \/>\t\t\t\t\t\t\t\t\t\t\t\t\t\t\t<\/div>\n\t\t\t\t\t<\/div>\n\t\t<\/div>\n\t\t\t\t<div class=\"elementor-column elementor-col-33 elementor-top-column elementor-element elementor-element-15b06e5\" data-id=\"15b06e5\" data-element_type=\"column\" data-e-type=\"column\">\n\t\t\t<div class=\"elementor-widget-wrap elementor-element-populated\">\n\t\t\t\t\t\t<div class=\"elementor-element elementor-element-2bfae10 elementor-widget elementor-widget-text-editor\" data-id=\"2bfae10\" data-element_type=\"widget\" data-e-type=\"widget\" data-widget_type=\"text-editor.default\">\n\t\t\t\t\t\t\t\t\t<p>Artistic director<\/p>\t\t\t\t\t\t\t\t<\/div>\n\t\t\t\t<div class=\"elementor-element elementor-element-458442d elementor-widget elementor-widget-heading\" data-id=\"458442d\" data-element_type=\"widget\" data-e-type=\"widget\" data-widget_type=\"heading.default\">\n\t\t\t\t\t<h2 class=\"elementor-heading-title elementor-size-default\">Jaakko Kemppainen\n\n<\/h2>\t\t\t\t<\/div>\n\t\t\t\t<div class=\"elementor-element elementor-element-a836c27 elementor-widget elementor-widget-text-editor\" data-id=\"a836c27\" data-element_type=\"widget\" data-e-type=\"widget\" data-widget_type=\"text-editor.default\">\n\t\t\t\t\t\t\t\t\t<p>Arts Promotion Centre Finland (Taike)<\/p><p>Email in the form of<br \/>firstname.lastname@taike.fi<\/p>\t\t\t\t\t\t\t\t<\/div>\n\t\t\t\t\t<\/div>\n\t\t<\/div>\n\t\t\t\t<div class=\"elementor-column elementor-col-33 elementor-top-column elementor-element elementor-element-ea019c7\" data-id=\"ea019c7\" data-element_type=\"column\" data-e-type=\"column\">\n\t\t\t<div class=\"elementor-widget-wrap\">\n\t\t\t\t\t\t\t<\/div>\n\t\t<\/div>\n\t\t\t\t\t<\/div>\n\t\t<\/section>\n\t\t\t\t<section class=\"elementor-section elementor-top-section elementor-element elementor-element-e00402b elementor-section-boxed elementor-section-height-default elementor-section-height-default\" data-id=\"e00402b\" data-element_type=\"section\" data-e-type=\"section\">\n\t\t\t\t\t\t<div class=\"elementor-container elementor-column-gap-default\">\n\t\t\t\t\t<div class=\"elementor-column elementor-col-50 elementor-top-column elementor-element elementor-element-14f2220\" data-id=\"14f2220\" data-element_type=\"column\" data-e-type=\"column\">\n\t\t\t<div class=\"elementor-widget-wrap elementor-element-populated\">\n\t\t\t\t\t\t<div class=\"elementor-element elementor-element-eee10ed elementor-widget elementor-widget-text-editor\" data-id=\"eee10ed\" data-element_type=\"widget\" data-e-type=\"widget\" data-widget_type=\"text-editor.default\">\n\t\t\t\t\t\t\t\t\t<p>Director of the museum<\/p>\t\t\t\t\t\t\t\t<\/div>\n\t\t\t\t<div class=\"elementor-element elementor-element-dd49f93 elementor-widget elementor-widget-heading\" data-id=\"dd49f93\" data-element_type=\"widget\" data-e-type=\"widget\" data-widget_type=\"heading.default\">\n\t\t\t\t\t<h2 class=\"elementor-heading-title elementor-size-default\">Anu Kasnio\n\n<\/h2>\t\t\t\t<\/div>\n\t\t\t\t<div class=\"elementor-element elementor-element-618707c elementor-widget elementor-widget-text-editor\" data-id=\"618707c\" data-element_type=\"widget\" data-e-type=\"widget\" data-widget_type=\"text-editor.default\">\n\t\t\t\t\t\t\t\t\t<p>Poikilo Museums<\/p><p>Email in the form of<br \/>firstname.lastname@kouvola.fi<\/p>\t\t\t\t\t\t\t\t<\/div>\n\t\t\t\t\t<\/div>\n\t\t<\/div>\n\t\t\t\t<div class=\"elementor-column elementor-col-50 elementor-top-column elementor-element elementor-element-3e9bf47\" data-id=\"3e9bf47\" data-element_type=\"column\" data-e-type=\"column\">\n\t\t\t<div class=\"elementor-widget-wrap\">\n\t\t\t\t\t\t\t<\/div>\n\t\t<\/div>\n\t\t\t\t\t<\/div>\n\t\t<\/section>\n\t\t\t\t<section class=\"elementor-section elementor-top-section elementor-element elementor-element-b6558c9 elementor-section-boxed elementor-section-height-default elementor-section-height-default\" data-id=\"b6558c9\" data-element_type=\"section\" data-e-type=\"section\">\n\t\t\t\t\t\t<div class=\"elementor-container elementor-column-gap-default\">\n\t\t\t\t\t<div class=\"elementor-column elementor-col-33 elementor-top-column elementor-element elementor-element-486a853\" data-id=\"486a853\" data-element_type=\"column\" data-e-type=\"column\">\n\t\t\t<div class=\"elementor-widget-wrap elementor-element-populated\">\n\t\t\t\t\t\t<div class=\"elementor-element elementor-element-5fe7c4c elementor-widget elementor-widget-image\" data-id=\"5fe7c4c\" data-element_type=\"widget\" data-e-type=\"widget\" data-widget_type=\"image.default\">\n\t\t\t\t\t\t\t\t\t\t\t\t\t\t\t<img decoding=\"async\" width=\"2560\" height=\"2560\" src=\"https:\/\/www.capitalgameart.fi\/wp-content\/uploads\/2022\/08\/PSX_20220831_031408-scaled.jpg\" class=\"attachment-full size-full wp-image-6500\" alt=\"\" srcset=\"https:\/\/www.capitalgameart.fi\/wp-content\/uploads\/2022\/08\/PSX_20220831_031408-scaled.jpg 2560w, https:\/\/www.capitalgameart.fi\/wp-content\/uploads\/2022\/08\/PSX_20220831_031408-300x300.jpg 300w, https:\/\/www.capitalgameart.fi\/wp-content\/uploads\/2022\/08\/PSX_20220831_031408-1024x1024.jpg 1024w, https:\/\/www.capitalgameart.fi\/wp-content\/uploads\/2022\/08\/PSX_20220831_031408-150x150.jpg 150w, https:\/\/www.capitalgameart.fi\/wp-content\/uploads\/2022\/08\/PSX_20220831_031408-768x768.jpg 768w, https:\/\/www.capitalgameart.fi\/wp-content\/uploads\/2022\/08\/PSX_20220831_031408-1536x1536.jpg 1536w, https:\/\/www.capitalgameart.fi\/wp-content\/uploads\/2022\/08\/PSX_20220831_031408-2048x2048.jpg 2048w, https:\/\/www.capitalgameart.fi\/wp-content\/uploads\/2022\/08\/PSX_20220831_031408-12x12.jpg 12w, https:\/\/www.capitalgameart.fi\/wp-content\/uploads\/2022\/08\/PSX_20220831_031408-600x600.jpg 600w\" sizes=\"(max-width: 2560px) 100vw, 2560px\" \/>\t\t\t\t\t\t\t\t\t\t\t\t\t\t\t<\/div>\n\t\t\t\t\t<\/div>\n\t\t<\/div>\n\t\t\t\t<div class=\"elementor-column elementor-col-33 elementor-top-column elementor-element elementor-element-7ccf9ff\" data-id=\"7ccf9ff\" data-element_type=\"column\" data-e-type=\"column\">\n\t\t\t<div class=\"elementor-widget-wrap elementor-element-populated\">\n\t\t\t\t\t\t<div class=\"elementor-element elementor-element-bc9f9e7 elementor-widget elementor-widget-text-editor\" data-id=\"bc9f9e7\" data-element_type=\"widget\" data-e-type=\"widget\" data-widget_type=\"text-editor.default\">\n\t\t\t\t\t\t\t\t\t<p>Graphic designer, social media manager<\/p>\t\t\t\t\t\t\t\t<\/div>\n\t\t\t\t<div class=\"elementor-element elementor-element-40ac8ba elementor-widget elementor-widget-heading\" data-id=\"40ac8ba\" data-element_type=\"widget\" data-e-type=\"widget\" data-widget_type=\"heading.default\">\n\t\t\t\t\t<h2 class=\"elementor-heading-title elementor-size-default\">Satu Ahopelto<\/h2>\t\t\t\t<\/div>\n\t\t\t\t<div class=\"elementor-element elementor-element-cb814fe elementor-widget elementor-widget-text-editor\" data-id=\"cb814fe\" data-element_type=\"widget\" data-e-type=\"widget\" data-widget_type=\"text-editor.default\">\n\t\t\t\t\t\t\t\t\t<p>South Eastern Finland University of Applied Sciences Xamk<br \/>Graphic materials, logos and website<\/p><p>Email in the form of<br \/>firstname.lastname@xamk.fi<\/p>\t\t\t\t\t\t\t\t<\/div>\n\t\t\t\t\t<\/div>\n\t\t<\/div>\n\t\t\t\t<div class=\"elementor-column elementor-col-33 elementor-top-column elementor-element elementor-element-585b52b\" data-id=\"585b52b\" data-element_type=\"column\" data-e-type=\"column\">\n\t\t\t<div class=\"elementor-widget-wrap\">\n\t\t\t\t\t\t\t<\/div>\n\t\t<\/div>\n\t\t\t\t\t<\/div>\n\t\t<\/section>\n\t\t\t\t<section class=\"elementor-section elementor-top-section elementor-element elementor-element-262c60d elementor-section-boxed elementor-section-height-default elementor-section-height-default\" data-id=\"262c60d\" data-element_type=\"section\" data-e-type=\"section\">\n\t\t\t\t\t\t<div class=\"elementor-container elementor-column-gap-default\">\n\t\t\t\t\t<div class=\"elementor-column elementor-col-100 elementor-top-column elementor-element elementor-element-5a4fd3c\" data-id=\"5a4fd3c\" data-element_type=\"column\" data-e-type=\"column\">\n\t\t\t<div class=\"elementor-widget-wrap elementor-element-populated\">\n\t\t\t\t\t\t<div class=\"elementor-element elementor-element-d3ddf53 elementor-widget elementor-widget-spacer\" data-id=\"d3ddf53\" data-element_type=\"widget\" data-e-type=\"widget\" data-widget_type=\"spacer.default\">\n\t\t\t\t\t\t\t<div class=\"elementor-spacer\">\n\t\t\t<div class=\"elementor-spacer-inner\"><\/div>\n\t\t<\/div>\n\t\t\t\t\t\t<\/div>\n\t\t\t\t\t<\/div>\n\t\t<\/div>\n\t\t\t\t\t<\/div>\n\t\t<\/section>\n\t\t\t\t<\/div>","protected":false},"excerpt":{"rendered":"<p>Yhteystiedot Projektip\u00e4\u00e4llikk\u00f6 Annika Salmi Kaakkois-Suomen ammattikorkeakoulu Xamk S\u00e4hk\u00f6posti muodossa etunimi.sukunimi@xamk.fi taiteellinen johtaja Jaakko Kemppainen Taiteen edist\u00e4miskeskus Taike S\u00e4hk\u00f6posti muodossaetunimi.sukunimi@taike.fi Museonjohtaja Anu Kasnio Poikilo-museot S\u00e4hk\u00f6posti muodossaetunimi.sukunimi@kouvola.fi graafinen suunnittelija Satu Ahopelto Kaakkois-Suomen ammattikorkeakoulu XamkViestinn\u00e4n materiaalit, logot ja verkkosivujen yll\u00e4pito S\u00e4hk\u00f6posti muodossaetunimi.sukunimi@xamk.fi<\/p>","protected":false},"author":2,"featured_media":0,"parent":0,"menu_order":0,"comment_status":"closed","ping_status":"closed","template":"elementor_header_footer","meta":{"footnotes":""},"class_list":["post-46","page","type-page","status-publish","hentry","entry"],"yoast_head":"<!-- This site is optimized with the Yoast SEO plugin v27.4 - https:\/\/yoast.com\/product\/yoast-seo-wordpress\/ -->\n<title>Yhteystiedot | Capital of Game Art<\/title>\n<meta name=\"robots\" content=\"index, follow, max-snippet:-1, max-image-preview:large, max-video-preview:-1\" \/>\n<link rel=\"canonical\" href=\"https:\/\/www.capitalgameart.fi\/en\/yhteystiedot\/\" \/>\n<meta property=\"og:locale\" content=\"en_GB\" \/>\n<meta property=\"og:type\" content=\"article\" \/>\n<meta property=\"og:title\" content=\"Yhteystiedot | Capital of Game Art\" \/>\n<meta property=\"og:url\" content=\"https:\/\/www.capitalgameart.fi\/en\/yhteystiedot\/\" \/>\n<meta property=\"og:site_name\" content=\"Capital of Game Art\" \/>\n<meta property=\"article:publisher\" content=\"https:\/\/www.facebook.com\/capitalofgameart\" \/>\n<meta property=\"article:modified_time\" content=\"2022-08-31T00:22:18+00:00\" \/>\n<meta property=\"og:image\" content=\"https:\/\/www.capitalgameart.fi\/wp-content\/uploads\/2022\/06\/yhteystietokuvat2-42.png\" \/>\n<meta name=\"twitter:card\" content=\"summary_large_image\" \/>\n<meta name=\"twitter:label1\" content=\"Estimated reading time\" \/>\n\t<meta name=\"twitter:data1\" content=\"1 minute\" \/>\n<script type=\"application\/ld+json\" class=\"yoast-schema-graph\">{\"@context\":\"https:\\\/\\\/schema.org\",\"@graph\":[{\"@type\":\"WebPage\",\"@id\":\"https:\\\/\\\/www.capitalgameart.fi\\\/yhteystiedot\\\/\",\"url\":\"https:\\\/\\\/www.capitalgameart.fi\\\/yhteystiedot\\\/\",\"name\":\"Yhteystiedot | Capital of Game Art\",\"isPartOf\":{\"@id\":\"https:\\\/\\\/www.capitalgameart.fi\\\/en\\\/#website\"},\"primaryImageOfPage\":{\"@id\":\"https:\\\/\\\/www.capitalgameart.fi\\\/yhteystiedot\\\/#primaryimage\"},\"image\":{\"@id\":\"https:\\\/\\\/www.capitalgameart.fi\\\/yhteystiedot\\\/#primaryimage\"},\"thumbnailUrl\":\"https:\\\/\\\/www.capitalgameart.fi\\\/wp-content\\\/uploads\\\/2022\\\/06\\\/yhteystietokuvat2-42.png\",\"datePublished\":\"2021-06-11T23:46:27+00:00\",\"dateModified\":\"2022-08-31T00:22:18+00:00\",\"breadcrumb\":{\"@id\":\"https:\\\/\\\/www.capitalgameart.fi\\\/yhteystiedot\\\/#breadcrumb\"},\"inLanguage\":\"en-GB\",\"potentialAction\":[{\"@type\":\"ReadAction\",\"target\":[\"https:\\\/\\\/www.capitalgameart.fi\\\/yhteystiedot\\\/\"]}]},{\"@type\":\"ImageObject\",\"inLanguage\":\"en-GB\",\"@id\":\"https:\\\/\\\/www.capitalgameart.fi\\\/yhteystiedot\\\/#primaryimage\",\"url\":\"https:\\\/\\\/www.capitalgameart.fi\\\/wp-content\\\/uploads\\\/2022\\\/06\\\/yhteystietokuvat2-42.png\",\"contentUrl\":\"https:\\\/\\\/www.capitalgameart.fi\\\/wp-content\\\/uploads\\\/2022\\\/06\\\/yhteystietokuvat2-42.png\"},{\"@type\":\"BreadcrumbList\",\"@id\":\"https:\\\/\\\/www.capitalgameart.fi\\\/yhteystiedot\\\/#breadcrumb\",\"itemListElement\":[{\"@type\":\"ListItem\",\"position\":1,\"name\":\"Etusivu\",\"item\":\"https:\\\/\\\/www.capitalgameart.fi\\\/\"},{\"@type\":\"ListItem\",\"position\":2,\"name\":\"Yhteystiedot\"}]},{\"@type\":\"WebSite\",\"@id\":\"https:\\\/\\\/www.capitalgameart.fi\\\/en\\\/#website\",\"url\":\"https:\\\/\\\/www.capitalgameart.fi\\\/en\\\/\",\"name\":\"Capital of Game Art\",\"description\":\"Kouvola on pelitaiteen p\u00e4\u00e4kaupunki\",\"publisher\":{\"@id\":\"https:\\\/\\\/www.capitalgameart.fi\\\/en\\\/#organization\"},\"potentialAction\":[{\"@type\":\"SearchAction\",\"target\":{\"@type\":\"EntryPoint\",\"urlTemplate\":\"https:\\\/\\\/www.capitalgameart.fi\\\/en\\\/?s={search_term_string}\"},\"query-input\":{\"@type\":\"PropertyValueSpecification\",\"valueRequired\":true,\"valueName\":\"search_term_string\"}}],\"inLanguage\":\"en-GB\"},{\"@type\":\"Organization\",\"@id\":\"https:\\\/\\\/www.capitalgameart.fi\\\/en\\\/#organization\",\"name\":\"Capital of Game Art\",\"url\":\"https:\\\/\\\/www.capitalgameart.fi\\\/en\\\/\",\"logo\":{\"@type\":\"ImageObject\",\"inLanguage\":\"en-GB\",\"@id\":\"https:\\\/\\\/www.capitalgameart.fi\\\/en\\\/#\\\/schema\\\/logo\\\/image\\\/\",\"url\":\"https:\\\/\\\/www.capitalgameart.fi\\\/wp-content\\\/uploads\\\/2022\\\/03\\\/Capital-Of-Game-Art.png\",\"contentUrl\":\"https:\\\/\\\/www.capitalgameart.fi\\\/wp-content\\\/uploads\\\/2022\\\/03\\\/Capital-Of-Game-Art.png\",\"width\":1230,\"height\":522,\"caption\":\"Capital of Game Art\"},\"image\":{\"@id\":\"https:\\\/\\\/www.capitalgameart.fi\\\/en\\\/#\\\/schema\\\/logo\\\/image\\\/\"},\"sameAs\":[\"https:\\\/\\\/www.facebook.com\\\/capitalofgameart\",\"https:\\\/\\\/www.instagram.com\\\/capitalofgameart\\\/\",\"https:\\\/\\\/www.youtube.com\\\/channel\\\/UCD_-qOU5T2us6dDsJhInsAQ\"]}]}<\/script>\n<!-- \/ Yoast SEO plugin. -->","yoast_head_json":{"title":"Yhteystiedot | Capital of Game Art","robots":{"index":"index","follow":"follow","max-snippet":"max-snippet:-1","max-image-preview":"max-image-preview:large","max-video-preview":"max-video-preview:-1"},"canonical":"https:\/\/www.capitalgameart.fi\/en\/yhteystiedot\/","og_locale":"en_GB","og_type":"article","og_title":"Yhteystiedot | Capital of Game Art","og_url":"https:\/\/www.capitalgameart.fi\/en\/yhteystiedot\/","og_site_name":"Capital of Game Art","article_publisher":"https:\/\/www.facebook.com\/capitalofgameart","article_modified_time":"2022-08-31T00:22:18+00:00","og_image":[{"url":"https:\/\/www.capitalgameart.fi\/wp-content\/uploads\/2022\/06\/yhteystietokuvat2-42.png","type":"","width":"","height":""}],"twitter_card":"summary_large_image","twitter_misc":{"Estimated reading time":"1 minute"},"schema":{"@context":"https:\/\/schema.org","@graph":[{"@type":"WebPage","@id":"https:\/\/www.capitalgameart.fi\/yhteystiedot\/","url":"https:\/\/www.capitalgameart.fi\/yhteystiedot\/","name":"Yhteystiedot | Capital of Game Art","isPartOf":{"@id":"https:\/\/www.capitalgameart.fi\/en\/#website"},"primaryImageOfPage":{"@id":"https:\/\/www.capitalgameart.fi\/yhteystiedot\/#primaryimage"},"image":{"@id":"https:\/\/www.capitalgameart.fi\/yhteystiedot\/#primaryimage"},"thumbnailUrl":"https:\/\/www.capitalgameart.fi\/wp-content\/uploads\/2022\/06\/yhteystietokuvat2-42.png","datePublished":"2021-06-11T23:46:27+00:00","dateModified":"2022-08-31T00:22:18+00:00","breadcrumb":{"@id":"https:\/\/www.capitalgameart.fi\/yhteystiedot\/#breadcrumb"},"inLanguage":"en-GB","potentialAction":[{"@type":"ReadAction","target":["https:\/\/www.capitalgameart.fi\/yhteystiedot\/"]}]},{"@type":"ImageObject","inLanguage":"en-GB","@id":"https:\/\/www.capitalgameart.fi\/yhteystiedot\/#primaryimage","url":"https:\/\/www.capitalgameart.fi\/wp-content\/uploads\/2022\/06\/yhteystietokuvat2-42.png","contentUrl":"https:\/\/www.capitalgameart.fi\/wp-content\/uploads\/2022\/06\/yhteystietokuvat2-42.png"},{"@type":"BreadcrumbList","@id":"https:\/\/www.capitalgameart.fi\/yhteystiedot\/#breadcrumb","itemListElement":[{"@type":"ListItem","position":1,"name":"Etusivu","item":"https:\/\/www.capitalgameart.fi\/"},{"@type":"ListItem","position":2,"name":"Yhteystiedot"}]},{"@type":"WebSite","@id":"https:\/\/www.capitalgameart.fi\/en\/#website","url":"https:\/\/www.capitalgameart.fi\/en\/","name":"Capital of Game Art","description":"Kouvola on pelitaiteen p\u00e4\u00e4kaupunki","publisher":{"@id":"https:\/\/www.capitalgameart.fi\/en\/#organization"},"potentialAction":[{"@type":"SearchAction","target":{"@type":"EntryPoint","urlTemplate":"https:\/\/www.capitalgameart.fi\/en\/?s={search_term_string}"},"query-input":{"@type":"PropertyValueSpecification","valueRequired":true,"valueName":"search_term_string"}}],"inLanguage":"en-GB"},{"@type":"Organization","@id":"https:\/\/www.capitalgameart.fi\/en\/#organization","name":"Capital of Game Art","url":"https:\/\/www.capitalgameart.fi\/en\/","logo":{"@type":"ImageObject","inLanguage":"en-GB","@id":"https:\/\/www.capitalgameart.fi\/en\/#\/schema\/logo\/image\/","url":"https:\/\/www.capitalgameart.fi\/wp-content\/uploads\/2022\/03\/Capital-Of-Game-Art.png","contentUrl":"https:\/\/www.capitalgameart.fi\/wp-content\/uploads\/2022\/03\/Capital-Of-Game-Art.png","width":1230,"height":522,"caption":"Capital of Game Art"},"image":{"@id":"https:\/\/www.capitalgameart.fi\/en\/#\/schema\/logo\/image\/"},"sameAs":["https:\/\/www.facebook.com\/capitalofgameart","https:\/\/www.instagram.com\/capitalofgameart\/","https:\/\/www.youtube.com\/channel\/UCD_-qOU5T2us6dDsJhInsAQ"]}]}},"_links":{"self":[{"href":"https:\/\/www.capitalgameart.fi\/en\/wp-json\/wp\/v2\/pages\/46","targetHints":{"allow":["GET"]}}],"collection":[{"href":"https:\/\/www.capitalgameart.fi\/en\/wp-json\/wp\/v2\/pages"}],"about":[{"href":"https:\/\/www.capitalgameart.fi\/en\/wp-json\/wp\/v2\/types\/page"}],"author":[{"embeddable":true,"href":"https:\/\/www.capitalgameart.fi\/en\/wp-json\/wp\/v2\/users\/2"}],"replies":[{"embeddable":true,"href":"https:\/\/www.capitalgameart.fi\/en\/wp-json\/wp\/v2\/comments?post=46"}],"version-history":[{"count":223,"href":"https:\/\/www.capitalgameart.fi\/en\/wp-json\/wp\/v2\/pages\/46\/revisions"}],"predecessor-version":[{"id":6503,"href":"https:\/\/www.capitalgameart.fi\/en\/wp-json\/wp\/v2\/pages\/46\/revisions\/6503"}],"wp:attachment":[{"href":"https:\/\/www.capitalgameart.fi\/en\/wp-json\/wp\/v2\/media?parent=46"}],"curies":[{"name":"wp","href":"https:\/\/api.w.org\/{rel}","templated":true}]}}