{"id":48,"date":"2021-06-12T02:46:43","date_gmt":"2021-06-11T23:46:43","guid":{"rendered":"https:\/\/www.capitalgameart.fi\/?page_id=48"},"modified":"2022-07-20T20:13:32","modified_gmt":"2022-07-20T17:13:32","slug":"info","status":"publish","type":"page","link":"https:\/\/www.capitalgameart.fi\/en\/info\/","title":{"rendered":"Info"},"content":{"rendered":"<div data-elementor-type=\"wp-page\" data-elementor-id=\"48\" class=\"elementor elementor-48\" data-elementor-post-type=\"page\">\n\t\t\t\t\t\t<section class=\"elementor-section elementor-top-section elementor-element elementor-element-b156de9 elementor-section-height-min-height elementor-section-content-bottom elementor-section-boxed elementor-section-height-default elementor-section-items-middle\" data-id=\"b156de9\" data-element_type=\"section\" data-e-type=\"section\" data-settings=\"{&quot;background_background&quot;:&quot;classic&quot;}\">\n\t\t\t\t\t\t<div class=\"elementor-container elementor-column-gap-default\">\n\t\t\t\t\t<div class=\"elementor-column elementor-col-100 elementor-top-column elementor-element elementor-element-cd6a832\" data-id=\"cd6a832\" data-element_type=\"column\" data-e-type=\"column\">\n\t\t\t<div class=\"elementor-widget-wrap elementor-element-populated\">\n\t\t\t\t\t\t<div class=\"elementor-element elementor-element-e8f9dc6 elementor-widget elementor-widget-heading\" data-id=\"e8f9dc6\" data-element_type=\"widget\" data-e-type=\"widget\" data-widget_type=\"heading.default\">\n\t\t\t\t\t<h2 class=\"elementor-heading-title elementor-size-default\">Capital of Game Art<\/h2>\t\t\t\t<\/div>\n\t\t\t\t\t<\/div>\n\t\t<\/div>\n\t\t\t\t\t<\/div>\n\t\t<\/section>\n\t\t\t\t<section class=\"elementor-section elementor-top-section elementor-element elementor-element-8026daa elementor-section-boxed elementor-section-height-default elementor-section-height-default\" data-id=\"8026daa\" data-element_type=\"section\" data-e-type=\"section\">\n\t\t\t\t\t\t<div class=\"elementor-container elementor-column-gap-default\">\n\t\t\t\t\t<div class=\"elementor-column elementor-col-100 elementor-top-column elementor-element elementor-element-efad5f9\" data-id=\"efad5f9\" data-element_type=\"column\" data-e-type=\"column\">\n\t\t\t<div class=\"elementor-widget-wrap elementor-element-populated\">\n\t\t\t\t\t\t<div class=\"elementor-element elementor-element-7c35c94 elementor-widget elementor-widget-heading\" data-id=\"7c35c94\" data-element_type=\"widget\" data-e-type=\"widget\" data-widget_type=\"heading.default\">\n\t\t\t\t\t<h2 class=\"elementor-heading-title elementor-size-default\">What is this event about?<\/h2>\t\t\t\t<\/div>\n\t\t\t\t\t<\/div>\n\t\t<\/div>\n\t\t\t\t\t<\/div>\n\t\t<\/section>\n\t\t\t\t<section class=\"elementor-section elementor-top-section elementor-element elementor-element-e4ef2f1 elementor-reverse-mobile elementor-section-boxed elementor-section-height-default elementor-section-height-default\" data-id=\"e4ef2f1\" data-element_type=\"section\" data-e-type=\"section\">\n\t\t\t\t\t\t<div class=\"elementor-container elementor-column-gap-default\">\n\t\t\t\t\t<div class=\"elementor-column elementor-col-33 elementor-top-column elementor-element elementor-element-c470f3a\" data-id=\"c470f3a\" data-element_type=\"column\" data-e-type=\"column\">\n\t\t\t<div class=\"elementor-widget-wrap elementor-element-populated\">\n\t\t\t\t\t\t<div class=\"elementor-element elementor-element-8133d7b elementor-widget elementor-widget-text-editor\" data-id=\"8133d7b\" data-element_type=\"widget\" data-e-type=\"widget\" data-widget_type=\"text-editor.default\">\n\t\t\t\t\t\t\t\t\t<p>Kouvola is the Capital of Game Art, an international event in 2022 and 2023. The art of games will be presented through striking events, exhibitions, cooperation with educational institutions, public lectures and competitions. The capital of game art highlights the versatility of games as well as games as part of contemporary culture and self-expression. Art of games is presented as a broad social phenomenon and an interpreter of the present.<\/p><p>The capital of game art brings out <em><a href=\"https:\/\/www.capitalgameart.fi\/en\/2021\/11\/28\/mita-pelitaide-on\/\">games as its own art form<\/a>.<\/em> There will be a wide variety of playable art, from light entertainment to grueling drama. Technological frontiers will not hold back games that spread from the screens of mobile phones and computers to the urban environment and physical experiences. In the Capital of Game Art we dare to try something new, fail and try again.<\/p>\t\t\t\t\t\t\t\t<\/div>\n\t\t\t\t\t<\/div>\n\t\t<\/div>\n\t\t\t\t<div class=\"elementor-column elementor-col-33 elementor-top-column elementor-element elementor-element-b48e625\" data-id=\"b48e625\" data-element_type=\"column\" data-e-type=\"column\">\n\t\t\t<div class=\"elementor-widget-wrap\">\n\t\t\t\t\t\t\t<\/div>\n\t\t<\/div>\n\t\t\t\t<div class=\"elementor-column elementor-col-33 elementor-top-column elementor-element elementor-element-9e37249\" data-id=\"9e37249\" data-element_type=\"column\" data-e-type=\"column\">\n\t\t\t<div class=\"elementor-widget-wrap elementor-element-populated\">\n\t\t\t\t\t\t<div class=\"elementor-element elementor-element-4bc271b elementor-widget elementor-widget-image\" data-id=\"4bc271b\" data-element_type=\"widget\" data-e-type=\"widget\" data-widget_type=\"image.default\">\n\t\t\t\t\t\t\t\t\t\t\t\t\t\t\t<img fetchpriority=\"high\" decoding=\"async\" width=\"2020\" height=\"1719\" src=\"https:\/\/www.capitalgameart.fi\/wp-content\/uploads\/2022\/02\/engsitaatitinfo-56.png\" class=\"attachment-full size-full wp-image-1359\" alt=\"\" srcset=\"https:\/\/www.capitalgameart.fi\/wp-content\/uploads\/2022\/02\/engsitaatitinfo-56.png 4038w, https:\/\/www.capitalgameart.fi\/wp-content\/uploads\/2022\/02\/engsitaatitinfo-56-300x255.png 300w, https:\/\/www.capitalgameart.fi\/wp-content\/uploads\/2022\/02\/engsitaatitinfo-56-1024x872.png 1024w, https:\/\/www.capitalgameart.fi\/wp-content\/uploads\/2022\/02\/engsitaatitinfo-56-768x654.png 768w, https:\/\/www.capitalgameart.fi\/wp-content\/uploads\/2022\/02\/engsitaatitinfo-56-1536x1307.png 1536w, https:\/\/www.capitalgameart.fi\/wp-content\/uploads\/2022\/02\/engsitaatitinfo-56-2048x1743.png 2048w, https:\/\/www.capitalgameart.fi\/wp-content\/uploads\/2022\/02\/engsitaatitinfo-56-14x12.png 14w\" sizes=\"(max-width: 2020px) 100vw, 2020px\" \/>\t\t\t\t\t\t\t\t\t\t\t\t\t\t\t<\/div>\n\t\t\t\t\t<\/div>\n\t\t<\/div>\n\t\t\t\t\t<\/div>\n\t\t<\/section>\n\t\t\t\t<section class=\"elementor-section elementor-top-section elementor-element elementor-element-dde337c elementor-section-content-middle elementor-reverse-mobile elementor-section-boxed elementor-section-height-default elementor-section-height-default\" data-id=\"dde337c\" data-element_type=\"section\" data-e-type=\"section\">\n\t\t\t\t\t\t<div class=\"elementor-container elementor-column-gap-default\">\n\t\t\t\t\t<div class=\"elementor-column elementor-col-33 elementor-top-column elementor-element elementor-element-afd846a\" data-id=\"afd846a\" data-element_type=\"column\" data-e-type=\"column\">\n\t\t\t<div class=\"elementor-widget-wrap elementor-element-populated\">\n\t\t\t\t\t\t<div class=\"elementor-element elementor-element-b3b5a23 elementor-widget elementor-widget-heading\" data-id=\"b3b5a23\" data-element_type=\"widget\" data-e-type=\"widget\" data-widget_type=\"heading.default\">\n\t\t\t\t\t<h2 class=\"elementor-heading-title elementor-size-default\">A Unique Festival<\/h2>\t\t\t\t<\/div>\n\t\t\t\t<div class=\"elementor-element elementor-element-b0a0a50 elementor-widget elementor-widget-text-editor\" data-id=\"b0a0a50\" data-element_type=\"widget\" data-e-type=\"widget\" data-widget_type=\"text-editor.default\">\n\t\t\t\t\t\t\t\t\t<p><span class=\"TextRun SCXW47536447 BCX0\" lang=\"FI-FI\" xml:lang=\"FI-FI\" data-contrast=\"auto\"><span class=\"NormalTextRun SCXW47536447 BCX0\">During the Capital of Game Art Festival, gaming will be presented and researched from the perspective of serious games, entertainment, new virtual technology and education, and as a broader social phenomenon.\u00a0<\/span><span class=\"NormalTextRun SCXW47536447 BCX0\">The collaborative<\/span><span class=\"NormalTextRun SCXW47536447 BCX0\">\u00a0significance of multiplayer games, psychological phenomena related to games and game characters such as empathy, emotional skills, the experience of communality,<\/span><span class=\"NormalTextRun SCXW47536447 BCX0\">\u00a0and intrinsic\u00a0<\/span><span class=\"NormalTextRun SCXW47536447 BCX0\">motivation, for example, are being addressed.\u00a0<\/span><\/span><span class=\"EOP SCXW47536447 BCX0\" data-ccp-props=\"{&quot;201341983&quot;:0,&quot;335559739&quot;:160,&quot;335559740&quot;:259}\">\u00a0<\/span><\/p>\t\t\t\t\t\t\t\t<\/div>\n\t\t\t\t\t<\/div>\n\t\t<\/div>\n\t\t\t\t<div class=\"elementor-column elementor-col-33 elementor-top-column elementor-element elementor-element-854915a\" data-id=\"854915a\" data-element_type=\"column\" data-e-type=\"column\">\n\t\t\t<div class=\"elementor-widget-wrap\">\n\t\t\t\t\t\t\t<\/div>\n\t\t<\/div>\n\t\t\t\t<div class=\"elementor-column elementor-col-33 elementor-top-column elementor-element elementor-element-8ac7057\" data-id=\"8ac7057\" data-element_type=\"column\" data-e-type=\"column\">\n\t\t\t<div class=\"elementor-widget-wrap elementor-element-populated\">\n\t\t\t\t\t\t<div class=\"elementor-element elementor-element-e733c0f elementor-widget elementor-widget-image\" data-id=\"e733c0f\" data-element_type=\"widget\" data-e-type=\"widget\" data-widget_type=\"image.default\">\n\t\t\t\t\t\t\t\t\t\t\t\t\t\t\t<img decoding=\"async\" width=\"1024\" height=\"581\" src=\"https:\/\/www.capitalgameart.fi\/wp-content\/uploads\/2021\/10\/Kouvola_Medialouhos_rajattumuok_-1024x581.jpg\" class=\"attachment-large size-large wp-image-795\" alt=\"\" srcset=\"https:\/\/www.capitalgameart.fi\/wp-content\/uploads\/2021\/10\/Kouvola_Medialouhos_rajattumuok_-1024x581.jpg 1024w, https:\/\/www.capitalgameart.fi\/wp-content\/uploads\/2021\/10\/Kouvola_Medialouhos_rajattumuok_-300x170.jpg 300w, https:\/\/www.capitalgameart.fi\/wp-content\/uploads\/2021\/10\/Kouvola_Medialouhos_rajattumuok_-768x436.jpg 768w, https:\/\/www.capitalgameart.fi\/wp-content\/uploads\/2021\/10\/Kouvola_Medialouhos_rajattumuok_.jpg 1032w\" sizes=\"(max-width: 1024px) 100vw, 1024px\" \/>\t\t\t\t\t\t\t\t\t\t\t\t\t\t\t<\/div>\n\t\t\t\t<div class=\"elementor-element elementor-element-ab6059f elementor-widget elementor-widget-text-editor\" data-id=\"ab6059f\" data-element_type=\"widget\" data-e-type=\"widget\" data-widget_type=\"text-editor.default\">\n\t\t\t\t\t\t\t\t\t<p>Kouvola will be the centre of game art.<\/p>\t\t\t\t\t\t\t\t<\/div>\n\t\t\t\t\t<\/div>\n\t\t<\/div>\n\t\t\t\t\t<\/div>\n\t\t<\/section>\n\t\t\t\t<section class=\"elementor-section elementor-top-section elementor-element elementor-element-ec5f6d1 elementor-reverse-mobile elementor-reverse-tablet elementor-section-boxed elementor-section-height-default elementor-section-height-default\" data-id=\"ec5f6d1\" data-element_type=\"section\" data-e-type=\"section\">\n\t\t\t\t\t\t<div class=\"elementor-container elementor-column-gap-default\">\n\t\t\t\t\t<div class=\"elementor-column elementor-col-33 elementor-top-column elementor-element elementor-element-9ce9f12\" data-id=\"9ce9f12\" data-element_type=\"column\" data-e-type=\"column\">\n\t\t\t<div class=\"elementor-widget-wrap elementor-element-populated\">\n\t\t\t\t\t\t<div class=\"elementor-element elementor-element-33e004b elementor-widget elementor-widget-heading\" data-id=\"33e004b\" data-element_type=\"widget\" data-e-type=\"widget\" data-widget_type=\"heading.default\">\n\t\t\t\t\t<h2 class=\"elementor-heading-title elementor-size-default\">OBJECTIVES AND IMPACT<\/h2>\t\t\t\t<\/div>\n\t\t\t\t<div class=\"elementor-element elementor-element-ffcebdc elementor-widget elementor-widget-text-editor\" data-id=\"ffcebdc\" data-element_type=\"widget\" data-e-type=\"widget\" data-widget_type=\"text-editor.default\">\n\t\t\t\t\t\t\t\t\t<p>Kouvola is transforming itself into an internationally known platform for game art and the art of games. Capital of Game Art celebrates all the art in games, but also games as a unique form of art. We will bring in sight different aspects of art in games and games as an art form:  niche art games, experimental indie productions, crossover performances, playable public art, the beauty of the Hollywood-budget megaprojects and the joy of playing and making games. We encourage our audience to experience games in new and surprising ways.<\/p><p>For companies, the event brings opportunities for different levels of partnerships from platinum to bronze. In addition, event sponsors will be sought for the event from actors in the area. The patron of the event will be appointed in January 2022.<\/p><p>Jaakko Kemppainen, the regional artist in the field of Games as Art, believes that the event will be a wonderful opportunity for Kouvola. \u201cFinland has long been a world leader in gaming technology and industry. The generation that has grown up with digital games has already reached the adult age, and for them, games are a natural tool for self-expression and artistic activity. Now Kouvola is taking over games as an art form and making game art an internationally distinctive business card for itself. In Kouvola, it is possible to see and experience game art throughout the city. In the future, Kouvola will be known as an interesting and bold center combining technology and human experience.\u201d Read more of Jaakko's thoughts in his <em><a href=\"https:\/\/www.capitalgameart.fi\/en\/2021\/11\/28\/pelitaide-paraatipaikalle\/\">column<\/a>!<\/em><\/p>\t\t\t\t\t\t\t\t<\/div>\n\t\t\t\t<section class=\"elementor-section elementor-inner-section elementor-element elementor-element-783cac5 elementor-section-boxed elementor-section-height-default elementor-section-height-default\" data-id=\"783cac5\" data-element_type=\"section\" data-e-type=\"section\">\n\t\t\t\t\t\t<div class=\"elementor-container elementor-column-gap-default\">\n\t\t\t\t\t<div class=\"elementor-column elementor-col-100 elementor-inner-column elementor-element elementor-element-8083f03\" data-id=\"8083f03\" data-element_type=\"column\" data-e-type=\"column\">\n\t\t\t<div class=\"elementor-widget-wrap elementor-element-populated\">\n\t\t\t\t\t\t<div class=\"elementor-element elementor-element-0353cfd elementor-widget elementor-widget-text-editor\" data-id=\"0353cfd\" data-element_type=\"widget\" data-e-type=\"widget\" data-widget_type=\"text-editor.default\">\n\t\t\t\t\t\t\t\t\t<p><em>* The Academy of Finland has awarded the Game Research Lab of the University of Tampere (COMS \/ TRIM), the Research Center for Contemporary Culture of the University of Jyv\u00e4skyl\u00e4 and the Digital Culture Research groups of The University of Turku, Pori unit, the status of the Centre of Excellence in Game Culture Studies (2018-2025).<\/em><\/p>\t\t\t\t\t\t\t\t<\/div>\n\t\t\t\t\t<\/div>\n\t\t<\/div>\n\t\t\t\t\t<\/div>\n\t\t<\/section>\n\t\t\t\t\t<\/div>\n\t\t<\/div>\n\t\t\t\t<div class=\"elementor-column elementor-col-33 elementor-top-column elementor-element elementor-element-eb7bb65\" data-id=\"eb7bb65\" data-element_type=\"column\" data-e-type=\"column\">\n\t\t\t<div class=\"elementor-widget-wrap\">\n\t\t\t\t\t\t\t<\/div>\n\t\t<\/div>\n\t\t\t\t<div class=\"elementor-column elementor-col-33 elementor-top-column elementor-element elementor-element-30556d9\" data-id=\"30556d9\" data-element_type=\"column\" data-e-type=\"column\">\n\t\t\t<div class=\"elementor-widget-wrap elementor-element-populated\">\n\t\t\t\t\t\t<div class=\"elementor-element elementor-element-b870908 elementor-widget elementor-widget-image\" data-id=\"b870908\" data-element_type=\"widget\" data-e-type=\"widget\" data-widget_type=\"image.default\">\n\t\t\t\t\t\t\t\t\t\t\t\t\t\t\t<img decoding=\"async\" width=\"2020\" height=\"1719\" src=\"https:\/\/www.capitalgameart.fi\/wp-content\/uploads\/2022\/02\/engsitaatitinfo-55.png\" class=\"attachment-full size-full wp-image-1045\" alt=\"\" srcset=\"https:\/\/www.capitalgameart.fi\/wp-content\/uploads\/2022\/02\/engsitaatitinfo-55.png 4038w, https:\/\/www.capitalgameart.fi\/wp-content\/uploads\/2022\/02\/engsitaatitinfo-55-300x255.png 300w, https:\/\/www.capitalgameart.fi\/wp-content\/uploads\/2022\/02\/engsitaatitinfo-55-1024x872.png 1024w, https:\/\/www.capitalgameart.fi\/wp-content\/uploads\/2022\/02\/engsitaatitinfo-55-768x654.png 768w, https:\/\/www.capitalgameart.fi\/wp-content\/uploads\/2022\/02\/engsitaatitinfo-55-1536x1307.png 1536w, https:\/\/www.capitalgameart.fi\/wp-content\/uploads\/2022\/02\/engsitaatitinfo-55-2048x1743.png 2048w, https:\/\/www.capitalgameart.fi\/wp-content\/uploads\/2022\/02\/engsitaatitinfo-55-14x12.png 14w\" sizes=\"(max-width: 2020px) 100vw, 2020px\" \/>\t\t\t\t\t\t\t\t\t\t\t\t\t\t\t<\/div>\n\t\t\t\t\t<\/div>\n\t\t<\/div>\n\t\t\t\t\t<\/div>\n\t\t<\/section>\n\t\t\t\t<\/div>","protected":false},"excerpt":{"rendered":"<p>Capital of Game Art Mist\u00e4 tapahtumassa on kyse? Kouvolaan muodostuu pelitaiteen p\u00e4\u00e4kaupunki ja kansainv\u00e4linen tapahtumakokonaisuus vuosina 2022 ja 2023. Pelitaidetta esitell\u00e4\u00e4n n\u00e4ytt\u00e4v\u00e4sti tapahtumien, n\u00e4yttelyiden, oppilaitosyhteisty\u00f6n, yleis\u00f6luentojen ja kilpailujen kautta. Pelitaiteen p\u00e4\u00e4kaupunki tuo esille pelien monipuolisuutta sek\u00e4 pelitaidetta osana nykykulttuuria ja itseilmaisua. Pelitaidetta esitell\u00e4\u00e4n laajana yhteiskunnallisena ilmi\u00f6n\u00e4 ja nykyisyyden tulkkina. Pelitaiteen p\u00e4\u00e4kaupunki nostaa esille pelej\u00e4 omana [&hellip;]<\/p>\n","protected":false},"author":2,"featured_media":0,"parent":0,"menu_order":0,"comment_status":"closed","ping_status":"closed","template":"elementor_header_footer","meta":{"footnotes":""},"class_list":["post-48","page","type-page","status-publish","hentry","entry"],"yoast_head":"<!-- This site is optimized with the Yoast SEO plugin v27.4 - https:\/\/yoast.com\/product\/yoast-seo-wordpress\/ -->\n<title>Info | Capital of Game Art<\/title>\n<meta name=\"robots\" content=\"index, follow, max-snippet:-1, max-image-preview:large, max-video-preview:-1\" \/>\n<link rel=\"canonical\" href=\"https:\/\/www.capitalgameart.fi\/en\/info\/\" \/>\n<meta property=\"og:locale\" content=\"en_GB\" \/>\n<meta property=\"og:type\" content=\"article\" \/>\n<meta property=\"og:title\" content=\"Info | Capital of Game Art\" \/>\n<meta property=\"og:url\" content=\"https:\/\/www.capitalgameart.fi\/en\/info\/\" \/>\n<meta property=\"og:site_name\" content=\"Capital of Game Art\" \/>\n<meta property=\"article:publisher\" content=\"https:\/\/www.facebook.com\/capitalofgameart\" \/>\n<meta property=\"article:modified_time\" content=\"2022-07-20T17:13:32+00:00\" \/>\n<meta property=\"og:image\" content=\"https:\/\/www.capitalgameart.fi\/wp-content\/uploads\/2021\/10\/sitaattiinfoon2-18.png\" \/>\n<meta name=\"twitter:card\" content=\"summary_large_image\" \/>\n<meta name=\"twitter:label1\" content=\"Estimated reading time\" \/>\n\t<meta name=\"twitter:data1\" content=\"3 minutes\" \/>\n<script type=\"application\/ld+json\" class=\"yoast-schema-graph\">{\"@context\":\"https:\\\/\\\/schema.org\",\"@graph\":[{\"@type\":\"WebPage\",\"@id\":\"https:\\\/\\\/www.capitalgameart.fi\\\/info\\\/\",\"url\":\"https:\\\/\\\/www.capitalgameart.fi\\\/info\\\/\",\"name\":\"Info | Capital of Game Art\",\"isPartOf\":{\"@id\":\"https:\\\/\\\/www.capitalgameart.fi\\\/en\\\/#website\"},\"primaryImageOfPage\":{\"@id\":\"https:\\\/\\\/www.capitalgameart.fi\\\/info\\\/#primaryimage\"},\"image\":{\"@id\":\"https:\\\/\\\/www.capitalgameart.fi\\\/info\\\/#primaryimage\"},\"thumbnailUrl\":\"https:\\\/\\\/www.capitalgameart.fi\\\/wp-content\\\/uploads\\\/2021\\\/10\\\/sitaattiinfoon2-18.png\",\"datePublished\":\"2021-06-11T23:46:43+00:00\",\"dateModified\":\"2022-07-20T17:13:32+00:00\",\"breadcrumb\":{\"@id\":\"https:\\\/\\\/www.capitalgameart.fi\\\/info\\\/#breadcrumb\"},\"inLanguage\":\"en-GB\",\"potentialAction\":[{\"@type\":\"ReadAction\",\"target\":[\"https:\\\/\\\/www.capitalgameart.fi\\\/info\\\/\"]}]},{\"@type\":\"ImageObject\",\"inLanguage\":\"en-GB\",\"@id\":\"https:\\\/\\\/www.capitalgameart.fi\\\/info\\\/#primaryimage\",\"url\":\"https:\\\/\\\/www.capitalgameart.fi\\\/wp-content\\\/uploads\\\/2021\\\/10\\\/sitaattiinfoon2-18.png\",\"contentUrl\":\"https:\\\/\\\/www.capitalgameart.fi\\\/wp-content\\\/uploads\\\/2021\\\/10\\\/sitaattiinfoon2-18.png\"},{\"@type\":\"BreadcrumbList\",\"@id\":\"https:\\\/\\\/www.capitalgameart.fi\\\/info\\\/#breadcrumb\",\"itemListElement\":[{\"@type\":\"ListItem\",\"position\":1,\"name\":\"Etusivu\",\"item\":\"https:\\\/\\\/www.capitalgameart.fi\\\/\"},{\"@type\":\"ListItem\",\"position\":2,\"name\":\"Info\"}]},{\"@type\":\"WebSite\",\"@id\":\"https:\\\/\\\/www.capitalgameart.fi\\\/en\\\/#website\",\"url\":\"https:\\\/\\\/www.capitalgameart.fi\\\/en\\\/\",\"name\":\"Capital of Game Art\",\"description\":\"Kouvola on pelitaiteen p\u00e4\u00e4kaupunki\",\"publisher\":{\"@id\":\"https:\\\/\\\/www.capitalgameart.fi\\\/en\\\/#organization\"},\"potentialAction\":[{\"@type\":\"SearchAction\",\"target\":{\"@type\":\"EntryPoint\",\"urlTemplate\":\"https:\\\/\\\/www.capitalgameart.fi\\\/en\\\/?s={search_term_string}\"},\"query-input\":{\"@type\":\"PropertyValueSpecification\",\"valueRequired\":true,\"valueName\":\"search_term_string\"}}],\"inLanguage\":\"en-GB\"},{\"@type\":\"Organization\",\"@id\":\"https:\\\/\\\/www.capitalgameart.fi\\\/en\\\/#organization\",\"name\":\"Capital of Game Art\",\"url\":\"https:\\\/\\\/www.capitalgameart.fi\\\/en\\\/\",\"logo\":{\"@type\":\"ImageObject\",\"inLanguage\":\"en-GB\",\"@id\":\"https:\\\/\\\/www.capitalgameart.fi\\\/en\\\/#\\\/schema\\\/logo\\\/image\\\/\",\"url\":\"https:\\\/\\\/www.capitalgameart.fi\\\/wp-content\\\/uploads\\\/2022\\\/03\\\/Capital-Of-Game-Art.png\",\"contentUrl\":\"https:\\\/\\\/www.capitalgameart.fi\\\/wp-content\\\/uploads\\\/2022\\\/03\\\/Capital-Of-Game-Art.png\",\"width\":1230,\"height\":522,\"caption\":\"Capital of Game Art\"},\"image\":{\"@id\":\"https:\\\/\\\/www.capitalgameart.fi\\\/en\\\/#\\\/schema\\\/logo\\\/image\\\/\"},\"sameAs\":[\"https:\\\/\\\/www.facebook.com\\\/capitalofgameart\",\"https:\\\/\\\/www.instagram.com\\\/capitalofgameart\\\/\",\"https:\\\/\\\/www.youtube.com\\\/channel\\\/UCD_-qOU5T2us6dDsJhInsAQ\"]}]}<\/script>\n<!-- \/ Yoast SEO plugin. -->","yoast_head_json":{"title":"Info | Capital of Game Art","robots":{"index":"index","follow":"follow","max-snippet":"max-snippet:-1","max-image-preview":"max-image-preview:large","max-video-preview":"max-video-preview:-1"},"canonical":"https:\/\/www.capitalgameart.fi\/en\/info\/","og_locale":"en_GB","og_type":"article","og_title":"Info | Capital of Game Art","og_url":"https:\/\/www.capitalgameart.fi\/en\/info\/","og_site_name":"Capital of Game Art","article_publisher":"https:\/\/www.facebook.com\/capitalofgameart","article_modified_time":"2022-07-20T17:13:32+00:00","og_image":[{"url":"https:\/\/www.capitalgameart.fi\/wp-content\/uploads\/2021\/10\/sitaattiinfoon2-18.png","type":"","width":"","height":""}],"twitter_card":"summary_large_image","twitter_misc":{"Estimated reading time":"3 minutes"},"schema":{"@context":"https:\/\/schema.org","@graph":[{"@type":"WebPage","@id":"https:\/\/www.capitalgameart.fi\/info\/","url":"https:\/\/www.capitalgameart.fi\/info\/","name":"Info | Capital of Game Art","isPartOf":{"@id":"https:\/\/www.capitalgameart.fi\/en\/#website"},"primaryImageOfPage":{"@id":"https:\/\/www.capitalgameart.fi\/info\/#primaryimage"},"image":{"@id":"https:\/\/www.capitalgameart.fi\/info\/#primaryimage"},"thumbnailUrl":"https:\/\/www.capitalgameart.fi\/wp-content\/uploads\/2021\/10\/sitaattiinfoon2-18.png","datePublished":"2021-06-11T23:46:43+00:00","dateModified":"2022-07-20T17:13:32+00:00","breadcrumb":{"@id":"https:\/\/www.capitalgameart.fi\/info\/#breadcrumb"},"inLanguage":"en-GB","potentialAction":[{"@type":"ReadAction","target":["https:\/\/www.capitalgameart.fi\/info\/"]}]},{"@type":"ImageObject","inLanguage":"en-GB","@id":"https:\/\/www.capitalgameart.fi\/info\/#primaryimage","url":"https:\/\/www.capitalgameart.fi\/wp-content\/uploads\/2021\/10\/sitaattiinfoon2-18.png","contentUrl":"https:\/\/www.capitalgameart.fi\/wp-content\/uploads\/2021\/10\/sitaattiinfoon2-18.png"},{"@type":"BreadcrumbList","@id":"https:\/\/www.capitalgameart.fi\/info\/#breadcrumb","itemListElement":[{"@type":"ListItem","position":1,"name":"Etusivu","item":"https:\/\/www.capitalgameart.fi\/"},{"@type":"ListItem","position":2,"name":"Info"}]},{"@type":"WebSite","@id":"https:\/\/www.capitalgameart.fi\/en\/#website","url":"https:\/\/www.capitalgameart.fi\/en\/","name":"Capital of Game Art","description":"Kouvola on pelitaiteen p\u00e4\u00e4kaupunki","publisher":{"@id":"https:\/\/www.capitalgameart.fi\/en\/#organization"},"potentialAction":[{"@type":"SearchAction","target":{"@type":"EntryPoint","urlTemplate":"https:\/\/www.capitalgameart.fi\/en\/?s={search_term_string}"},"query-input":{"@type":"PropertyValueSpecification","valueRequired":true,"valueName":"search_term_string"}}],"inLanguage":"en-GB"},{"@type":"Organization","@id":"https:\/\/www.capitalgameart.fi\/en\/#organization","name":"Capital of Game Art","url":"https:\/\/www.capitalgameart.fi\/en\/","logo":{"@type":"ImageObject","inLanguage":"en-GB","@id":"https:\/\/www.capitalgameart.fi\/en\/#\/schema\/logo\/image\/","url":"https:\/\/www.capitalgameart.fi\/wp-content\/uploads\/2022\/03\/Capital-Of-Game-Art.png","contentUrl":"https:\/\/www.capitalgameart.fi\/wp-content\/uploads\/2022\/03\/Capital-Of-Game-Art.png","width":1230,"height":522,"caption":"Capital of Game Art"},"image":{"@id":"https:\/\/www.capitalgameart.fi\/en\/#\/schema\/logo\/image\/"},"sameAs":["https:\/\/www.facebook.com\/capitalofgameart","https:\/\/www.instagram.com\/capitalofgameart\/","https:\/\/www.youtube.com\/channel\/UCD_-qOU5T2us6dDsJhInsAQ"]}]}},"_links":{"self":[{"href":"https:\/\/www.capitalgameart.fi\/en\/wp-json\/wp\/v2\/pages\/48","targetHints":{"allow":["GET"]}}],"collection":[{"href":"https:\/\/www.capitalgameart.fi\/en\/wp-json\/wp\/v2\/pages"}],"about":[{"href":"https:\/\/www.capitalgameart.fi\/en\/wp-json\/wp\/v2\/types\/page"}],"author":[{"embeddable":true,"href":"https:\/\/www.capitalgameart.fi\/en\/wp-json\/wp\/v2\/users\/2"}],"replies":[{"embeddable":true,"href":"https:\/\/www.capitalgameart.fi\/en\/wp-json\/wp\/v2\/comments?post=48"}],"version-history":[{"count":313,"href":"https:\/\/www.capitalgameart.fi\/en\/wp-json\/wp\/v2\/pages\/48\/revisions"}],"predecessor-version":[{"id":6043,"href":"https:\/\/www.capitalgameart.fi\/en\/wp-json\/wp\/v2\/pages\/48\/revisions\/6043"}],"wp:attachment":[{"href":"https:\/\/www.capitalgameart.fi\/en\/wp-json\/wp\/v2\/media?parent=48"}],"curies":[{"name":"wp","href":"https:\/\/api.w.org\/{rel}","templated":true}]}}