{"id":51,"date":"2021-06-12T02:47:09","date_gmt":"2021-06-11T23:47:09","guid":{"rendered":"https:\/\/www.capitalgameart.fi\/?page_id=51"},"modified":"2022-02-13T05:01:40","modified_gmt":"2022-02-13T03:01:40","slug":"medialle","status":"publish","type":"page","link":"https:\/\/www.capitalgameart.fi\/en\/medialle\/","title":{"rendered":"For media"},"content":{"rendered":"<div data-elementor-type=\"wp-page\" data-elementor-id=\"51\" class=\"elementor elementor-51\" data-elementor-post-type=\"page\">\n\t\t\t\t\t\t<section class=\"elementor-section elementor-top-section elementor-element elementor-element-a5373f2 elementor-section-boxed elementor-section-height-default elementor-section-height-default\" data-id=\"a5373f2\" data-element_type=\"section\" data-e-type=\"section\">\n\t\t\t\t\t\t<div class=\"elementor-container elementor-column-gap-default\">\n\t\t\t\t\t<div class=\"elementor-column elementor-col-100 elementor-top-column elementor-element elementor-element-d858e1f\" data-id=\"d858e1f\" data-element_type=\"column\" data-e-type=\"column\">\n\t\t\t<div class=\"elementor-widget-wrap elementor-element-populated\">\n\t\t\t\t\t\t<div class=\"elementor-element elementor-element-af88740 elementor-widget elementor-widget-heading\" data-id=\"af88740\" data-element_type=\"widget\" data-e-type=\"widget\" data-widget_type=\"heading.default\">\n\t\t\t\t\t<h2 class=\"elementor-heading-title elementor-size-default\">For media<\/h2>\t\t\t\t<\/div>\n\t\t\t\t\t<\/div>\n\t\t<\/div>\n\t\t\t\t\t<\/div>\n\t\t<\/section>\n\t\t\t\t<section class=\"elementor-section elementor-top-section elementor-element elementor-element-db5607c elementor-section-boxed elementor-section-height-default elementor-section-height-default\" data-id=\"db5607c\" data-element_type=\"section\" data-e-type=\"section\">\n\t\t\t\t\t\t<div class=\"elementor-container elementor-column-gap-default\">\n\t\t\t\t\t<div class=\"elementor-column elementor-col-100 elementor-top-column elementor-element elementor-element-3572c53\" data-id=\"3572c53\" data-element_type=\"column\" data-e-type=\"column\">\n\t\t\t<div class=\"elementor-widget-wrap elementor-element-populated\">\n\t\t\t\t\t\t<div class=\"elementor-element elementor-element-50a1482 elementor-widget elementor-widget-text-editor\" data-id=\"50a1482\" data-element_type=\"widget\" data-e-type=\"widget\" data-widget_type=\"text-editor.default\">\n\t\t\t\t\t\t\t\t\t<p>Logos and images for media<\/p>\t\t\t\t\t\t\t\t<\/div>\n\t\t\t\t\t<\/div>\n\t\t<\/div>\n\t\t\t\t\t<\/div>\n\t\t<\/section>\n\t\t\t\t<section class=\"elementor-section elementor-top-section elementor-element elementor-element-29883d2 elementor-section-boxed elementor-section-height-default elementor-section-height-default\" data-id=\"29883d2\" data-element_type=\"section\" data-e-type=\"section\">\n\t\t\t\t\t\t<div class=\"elementor-container elementor-column-gap-default\">\n\t\t\t\t\t<div class=\"elementor-column elementor-col-100 elementor-top-column elementor-element elementor-element-6dca42a\" data-id=\"6dca42a\" data-element_type=\"column\" data-e-type=\"column\">\n\t\t\t<div class=\"elementor-widget-wrap elementor-element-populated\">\n\t\t\t\t\t\t<section class=\"elementor-section elementor-inner-section elementor-element elementor-element-bbdb4d7 elementor-section-content-middle elementor-section-boxed elementor-section-height-default elementor-section-height-default\" data-id=\"bbdb4d7\" data-element_type=\"section\" data-e-type=\"section\">\n\t\t\t\t\t\t<div class=\"elementor-container elementor-column-gap-no\">\n\t\t\t\t\t<div class=\"elementor-column elementor-col-100 elementor-inner-column elementor-element elementor-element-cb1103d\" data-id=\"cb1103d\" data-element_type=\"column\" data-e-type=\"column\">\n\t\t\t<div class=\"elementor-widget-wrap elementor-element-populated\">\n\t\t\t\t\t\t<div class=\"elementor-element elementor-element-7cd5f9f elementor-widget elementor-widget-text-editor\" data-id=\"7cd5f9f\" data-element_type=\"widget\" data-e-type=\"widget\" data-widget_type=\"text-editor.default\">\n\t\t\t\t\t\t\t\t\t<p>Download the event logos below:<\/p>\t\t\t\t\t\t\t\t<\/div>\n\t\t\t\t<div class=\"elementor-element elementor-element-4964599 elementor-widget elementor-widget-text-editor\" data-id=\"4964599\" data-element_type=\"widget\" data-e-type=\"widget\" data-widget_type=\"text-editor.default\">\n\t\t\t\t\t\t\t\t\t<p><a href=\"https:\/\/drive.google.com\/drive\/folders\/1i0vauuzsKpMZUQCJcJewPNuNpah83Tk3?usp=sharing\">https:\/\/drive.google.com\/drive\/folders\/1i0vauuzsKpMZUQCJcJewPNuNpah83Tk3?usp=sharing<\/a><\/p>\t\t\t\t\t\t\t\t<\/div>\n\t\t\t\t\t<\/div>\n\t\t<\/div>\n\t\t\t\t\t<\/div>\n\t\t<\/section>\n\t\t\t\t\t<\/div>\n\t\t<\/div>\n\t\t\t\t\t<\/div>\n\t\t<\/section>\n\t\t\t\t<\/div>","protected":false},"excerpt":{"rendered":"<p>Medialle Kuvamateriaalia ja logot median k\u00e4ytt\u00f6\u00f6n Tapahtuman logot ladattavissa t\u00e4st\u00e4 linkist\u00e4: https:\/\/drive.google.com\/drive\/folders\/1i0vauuzsKpMZUQCJcJewPNuNpah83Tk3?usp=sharing<\/p>","protected":false},"author":2,"featured_media":0,"parent":0,"menu_order":0,"comment_status":"closed","ping_status":"closed","template":"elementor_header_footer","meta":{"footnotes":""},"class_list":["post-51","page","type-page","status-publish","hentry","entry"],"yoast_head":"<!-- This site is optimized with the Yoast SEO plugin v27.5 - https:\/\/yoast.com\/product\/yoast-seo-wordpress\/ -->\n<title>Medialle | Capital of Game Art<\/title>\n<meta name=\"robots\" content=\"index, follow, max-snippet:-1, max-image-preview:large, max-video-preview:-1\" \/>\n<link rel=\"canonical\" href=\"https:\/\/www.capitalgameart.fi\/en\/medialle\/\" \/>\n<meta property=\"og:locale\" content=\"en_GB\" \/>\n<meta property=\"og:type\" content=\"article\" \/>\n<meta property=\"og:title\" content=\"Medialle | Capital of Game Art\" \/>\n<meta property=\"og:url\" content=\"https:\/\/www.capitalgameart.fi\/en\/medialle\/\" \/>\n<meta property=\"og:site_name\" content=\"Capital of Game Art\" \/>\n<meta property=\"article:publisher\" content=\"https:\/\/www.facebook.com\/capitalofgameart\" \/>\n<meta property=\"article:modified_time\" content=\"2022-02-13T03:01:40+00:00\" \/>\n<meta property=\"og:image\" content=\"https:\/\/www.capitalgameart.fi\/wp-content\/uploads\/2022\/03\/socialsharefb-06-06-1024x538.png\" \/>\n\t<meta property=\"og:image:width\" content=\"1024\" \/>\n\t<meta property=\"og:image:height\" content=\"538\" \/>\n\t<meta property=\"og:image:type\" content=\"image\/png\" \/>\n<meta name=\"twitter:card\" content=\"summary_large_image\" \/>\n<script type=\"application\/ld+json\" class=\"yoast-schema-graph\">{\"@context\":\"https:\\\/\\\/schema.org\",\"@graph\":[{\"@type\":\"WebPage\",\"@id\":\"https:\\\/\\\/www.capitalgameart.fi\\\/medialle\\\/\",\"url\":\"https:\\\/\\\/www.capitalgameart.fi\\\/medialle\\\/\",\"name\":\"Medialle | Capital of Game Art\",\"isPartOf\":{\"@id\":\"https:\\\/\\\/www.capitalgameart.fi\\\/en\\\/#website\"},\"datePublished\":\"2021-06-11T23:47:09+00:00\",\"dateModified\":\"2022-02-13T03:01:40+00:00\",\"breadcrumb\":{\"@id\":\"https:\\\/\\\/www.capitalgameart.fi\\\/medialle\\\/#breadcrumb\"},\"inLanguage\":\"en-GB\",\"potentialAction\":[{\"@type\":\"ReadAction\",\"target\":[\"https:\\\/\\\/www.capitalgameart.fi\\\/medialle\\\/\"]}]},{\"@type\":\"BreadcrumbList\",\"@id\":\"https:\\\/\\\/www.capitalgameart.fi\\\/medialle\\\/#breadcrumb\",\"itemListElement\":[{\"@type\":\"ListItem\",\"position\":1,\"name\":\"Etusivu\",\"item\":\"https:\\\/\\\/www.capitalgameart.fi\\\/\"},{\"@type\":\"ListItem\",\"position\":2,\"name\":\"Medialle\"}]},{\"@type\":\"WebSite\",\"@id\":\"https:\\\/\\\/www.capitalgameart.fi\\\/en\\\/#website\",\"url\":\"https:\\\/\\\/www.capitalgameart.fi\\\/en\\\/\",\"name\":\"Capital of Game Art\",\"description\":\"Kouvola on pelitaiteen p\u00e4\u00e4kaupunki\",\"publisher\":{\"@id\":\"https:\\\/\\\/www.capitalgameart.fi\\\/en\\\/#organization\"},\"potentialAction\":[{\"@type\":\"SearchAction\",\"target\":{\"@type\":\"EntryPoint\",\"urlTemplate\":\"https:\\\/\\\/www.capitalgameart.fi\\\/en\\\/?s={search_term_string}\"},\"query-input\":{\"@type\":\"PropertyValueSpecification\",\"valueRequired\":true,\"valueName\":\"search_term_string\"}}],\"inLanguage\":\"en-GB\"},{\"@type\":\"Organization\",\"@id\":\"https:\\\/\\\/www.capitalgameart.fi\\\/en\\\/#organization\",\"name\":\"Capital of Game Art\",\"url\":\"https:\\\/\\\/www.capitalgameart.fi\\\/en\\\/\",\"logo\":{\"@type\":\"ImageObject\",\"inLanguage\":\"en-GB\",\"@id\":\"https:\\\/\\\/www.capitalgameart.fi\\\/en\\\/#\\\/schema\\\/logo\\\/image\\\/\",\"url\":\"https:\\\/\\\/www.capitalgameart.fi\\\/wp-content\\\/uploads\\\/2022\\\/03\\\/Capital-Of-Game-Art.png\",\"contentUrl\":\"https:\\\/\\\/www.capitalgameart.fi\\\/wp-content\\\/uploads\\\/2022\\\/03\\\/Capital-Of-Game-Art.png\",\"width\":1230,\"height\":522,\"caption\":\"Capital of Game Art\"},\"image\":{\"@id\":\"https:\\\/\\\/www.capitalgameart.fi\\\/en\\\/#\\\/schema\\\/logo\\\/image\\\/\"},\"sameAs\":[\"https:\\\/\\\/www.facebook.com\\\/capitalofgameart\",\"https:\\\/\\\/www.instagram.com\\\/capitalofgameart\\\/\",\"https:\\\/\\\/www.youtube.com\\\/channel\\\/UCD_-qOU5T2us6dDsJhInsAQ\"]}]}<\/script>\n<!-- \/ Yoast SEO plugin. -->","yoast_head_json":{"title":"Medialle | Capital of Game Art","robots":{"index":"index","follow":"follow","max-snippet":"max-snippet:-1","max-image-preview":"max-image-preview:large","max-video-preview":"max-video-preview:-1"},"canonical":"https:\/\/www.capitalgameart.fi\/en\/medialle\/","og_locale":"en_GB","og_type":"article","og_title":"Medialle | Capital of Game Art","og_url":"https:\/\/www.capitalgameart.fi\/en\/medialle\/","og_site_name":"Capital of Game Art","article_publisher":"https:\/\/www.facebook.com\/capitalofgameart","article_modified_time":"2022-02-13T03:01:40+00:00","og_image":[{"width":1024,"height":538,"url":"https:\/\/www.capitalgameart.fi\/wp-content\/uploads\/2022\/03\/socialsharefb-06-06-1024x538.png","type":"image\/png"}],"twitter_card":"summary_large_image","schema":{"@context":"https:\/\/schema.org","@graph":[{"@type":"WebPage","@id":"https:\/\/www.capitalgameart.fi\/medialle\/","url":"https:\/\/www.capitalgameart.fi\/medialle\/","name":"Medialle | Capital of Game Art","isPartOf":{"@id":"https:\/\/www.capitalgameart.fi\/en\/#website"},"datePublished":"2021-06-11T23:47:09+00:00","dateModified":"2022-02-13T03:01:40+00:00","breadcrumb":{"@id":"https:\/\/www.capitalgameart.fi\/medialle\/#breadcrumb"},"inLanguage":"en-GB","potentialAction":[{"@type":"ReadAction","target":["https:\/\/www.capitalgameart.fi\/medialle\/"]}]},{"@type":"BreadcrumbList","@id":"https:\/\/www.capitalgameart.fi\/medialle\/#breadcrumb","itemListElement":[{"@type":"ListItem","position":1,"name":"Etusivu","item":"https:\/\/www.capitalgameart.fi\/"},{"@type":"ListItem","position":2,"name":"Medialle"}]},{"@type":"WebSite","@id":"https:\/\/www.capitalgameart.fi\/en\/#website","url":"https:\/\/www.capitalgameart.fi\/en\/","name":"Capital of Game Art","description":"Kouvola on pelitaiteen p\u00e4\u00e4kaupunki","publisher":{"@id":"https:\/\/www.capitalgameart.fi\/en\/#organization"},"potentialAction":[{"@type":"SearchAction","target":{"@type":"EntryPoint","urlTemplate":"https:\/\/www.capitalgameart.fi\/en\/?s={search_term_string}"},"query-input":{"@type":"PropertyValueSpecification","valueRequired":true,"valueName":"search_term_string"}}],"inLanguage":"en-GB"},{"@type":"Organization","@id":"https:\/\/www.capitalgameart.fi\/en\/#organization","name":"Capital of Game Art","url":"https:\/\/www.capitalgameart.fi\/en\/","logo":{"@type":"ImageObject","inLanguage":"en-GB","@id":"https:\/\/www.capitalgameart.fi\/en\/#\/schema\/logo\/image\/","url":"https:\/\/www.capitalgameart.fi\/wp-content\/uploads\/2022\/03\/Capital-Of-Game-Art.png","contentUrl":"https:\/\/www.capitalgameart.fi\/wp-content\/uploads\/2022\/03\/Capital-Of-Game-Art.png","width":1230,"height":522,"caption":"Capital of Game Art"},"image":{"@id":"https:\/\/www.capitalgameart.fi\/en\/#\/schema\/logo\/image\/"},"sameAs":["https:\/\/www.facebook.com\/capitalofgameart","https:\/\/www.instagram.com\/capitalofgameart\/","https:\/\/www.youtube.com\/channel\/UCD_-qOU5T2us6dDsJhInsAQ"]}]}},"_links":{"self":[{"href":"https:\/\/www.capitalgameart.fi\/en\/wp-json\/wp\/v2\/pages\/51","targetHints":{"allow":["GET"]}}],"collection":[{"href":"https:\/\/www.capitalgameart.fi\/en\/wp-json\/wp\/v2\/pages"}],"about":[{"href":"https:\/\/www.capitalgameart.fi\/en\/wp-json\/wp\/v2\/types\/page"}],"author":[{"embeddable":true,"href":"https:\/\/www.capitalgameart.fi\/en\/wp-json\/wp\/v2\/users\/2"}],"replies":[{"embeddable":true,"href":"https:\/\/www.capitalgameart.fi\/en\/wp-json\/wp\/v2\/comments?post=51"}],"version-history":[{"count":28,"href":"https:\/\/www.capitalgameart.fi\/en\/wp-json\/wp\/v2\/pages\/51\/revisions"}],"predecessor-version":[{"id":3413,"href":"https:\/\/www.capitalgameart.fi\/en\/wp-json\/wp\/v2\/pages\/51\/revisions\/3413"}],"wp:attachment":[{"href":"https:\/\/www.capitalgameart.fi\/en\/wp-json\/wp\/v2\/media?parent=51"}],"curies":[{"name":"wp","href":"https:\/\/api.w.org\/{rel}","templated":true}]}}